{"id":36667,"date":"2026-02-06T09:59:28","date_gmt":"2026-02-06T09:59:28","guid":{"rendered":"https:\/\/cortartec.dev-dominios.com\/produto\/placa-corta-fogo\/"},"modified":"2026-02-06T09:59:28","modified_gmt":"2026-02-06T09:59:28","slug":"placa-corta-fogo","status":"publish","type":"product","link":"https:\/\/cortartec.dev-dominios.com\/fr\/produto\/placa-corta-fogo\/","title":{"rendered":"Placa corta-fogo"},"content":{"rendered":"<p>Placa corta-fogo COR FR BOARD A \u00e9 composta por uma placa de l\u00e3 mineral com uma densidade de 150kg\/m3 e uma espessura de 60mm, coberta de um lado com tinta ablativa COR FR COAT A. O conjunto de produtos foi concebido para vedar penetra\u00e7\u00f5es de prote\u00e7\u00e3o contra inc\u00eandios e preparar juntas de expans\u00e3o de fogo com classe de resist\u00eancia ao fogo at\u00e9 240 EI. Nas condi\u00e7\u00f5es de inc\u00eandio, sob a influ\u00eancia de altas temperaturas, ocorrem rea\u00e7\u00f5es endot\u00e9rmicas no produto. A tinta absorve o calor, atrasando significativamente o impacto do fogo nos componentes estruturais.<\/p>\n<h3><strong>APLICA\u00c7\u00c3O:<\/strong><\/h3>\n<p>COR FR BOARD A \u00e9 utilizado para:<br \/>\n\u2022 Prote\u00e7\u00e3o contra inc\u00eandios de passagens t\u00e9cnicas com tubos ou grupos \u00fanicos n\u00e3o inflam\u00e1veis ou grupos de tubos n\u00e3o inflam\u00e1veis em pavimentos ou paredes.<br \/>\n\u2022 prote\u00e7\u00e3o das juntas de dilata\u00e7\u00e3o em pavimentos, tetos ou paredes.<br \/>\n\u2022 prote\u00e7\u00e3o corta-fogo de cabos el\u00e9tricos combinados com tinta intumescente.<br \/>\n\u2022 COR FR COAT I na parede.<\/p>\n<h3><strong>PAREDES R\u00cdGIDAS:<\/strong><\/h3>\n<p>A parede deve ter pelo menos 150mm de espessura e ser de bet\u00e3o ou de alvenaria, com uma densidade m\u00ednima de 600kg\/m3.<\/p>\n<h3><strong>PISOS R\u00cdGIDOS:<\/strong><\/h3>\n<p>O piso deve ter pelo menos 150mm de espessura e ser de bet\u00e3o ou de alvenaria, com uma densidade m\u00ednima de 1700kg\/m3.<\/p>\n<h3><b>DIMENS\u00c3O<\/b><strong>:<\/strong><\/h3>\n<table width=\"592\">\n<tbody>\n<tr>\n<th>\n<h3>TIPO<\/h3>\n<\/th>\n<th>\n<h3>REF\u00aa<\/h3>\n<\/th>\n<\/tr>\n<tr>\n<td>1200x600x60 mm<\/td>\n<td>NBA601SI<\/td>\n<\/tr>\n<\/tbody>\n<\/table>\n","protected":false},"excerpt":{"rendered":"<p><span style=\"color: #e46106;\"><strong><a style=\"color: #e46106;\" href=\"https:\/\/cortartec.net\/wp-content\/uploads\/2023\/05\/catalogo-cortartec_cor_fr_board_a-placa-corta-fogo-com-revestimento-ablativo.pdf\" target=\"_blank\" rel=\"noopener\">Ficha T\u00e9cnica<\/a><\/strong><\/span><br \/>\n<span style=\"color: #e46106;\"><strong><a style=\"color: #e46106;\" href=\"#\">DWG<\/a><\/strong><\/span><\/p>\n","protected":false},"featured_media":36668,"comment_status":"open","ping_status":"closed","template":"","meta":[],"product_brand":[],"product_cat":[334],"product_tag":[],"class_list":{"0":"post-36667","1":"product","2":"type-product","3":"status-publish","4":"has-post-thumbnail","6":"product_cat-coupe-feu","8":"first","9":"instock","10":"shipping-taxable","11":"product-type-simple"},"yoast_head":"<!-- This site is optimized with the Yoast SEO plugin v26.8 - https:\/\/yoast.com\/product\/yoast-seo-wordpress\/ -->\n<title>Placa corta-fogo - Cortartec | Equipamentos para a constru\u00e7\u00e3o civil<\/title>\n<meta name=\"robots\" content=\"noindex, follow, max-snippet:-1, max-image-preview:large, max-video-preview:-1\" \/>\n<meta property=\"og:locale\" content=\"fr_FR\" \/>\n<meta property=\"og:type\" content=\"article\" \/>\n<meta property=\"og:title\" content=\"Placa corta-fogo - Cortartec | Equipamentos para a constru\u00e7\u00e3o civil\" \/>\n<meta property=\"og:description\" content=\"Ficha T\u00e9cnica DWG\" \/>\n<meta property=\"og:url\" content=\"https:\/\/cortartec.dev-dominios.com\/fr\/produto\/placa-corta-fogo\/\" \/>\n<meta property=\"og:site_name\" content=\"Cortartec | Equipamentos para a constru\u00e7\u00e3o civil\" \/>\n<meta name=\"twitter:card\" content=\"summary_large_image\" \/>\n<meta name=\"twitter:label1\" content=\"Dur\u00e9e de lecture estim\u00e9e\" \/>\n\t<meta name=\"twitter:data1\" content=\"1 minute\" \/>\n<script type=\"application\/ld+json\" class=\"yoast-schema-graph\">{\"@context\":\"https:\/\/schema.org\",\"@graph\":[{\"@type\":\"WebPage\",\"@id\":\"https:\/\/cortartec.dev-dominios.com\/fr\/produto\/placa-corta-fogo\/\",\"url\":\"https:\/\/cortartec.dev-dominios.com\/fr\/produto\/placa-corta-fogo\/\",\"name\":\"Placa corta-fogo - Cortartec | Equipamentos para a constru\u00e7\u00e3o civil\",\"isPartOf\":{\"@id\":\"https:\/\/cortartec.dev-dominios.com\/#website\"},\"primaryImageOfPage\":{\"@id\":\"https:\/\/cortartec.dev-dominios.com\/fr\/produto\/placa-corta-fogo\/#primaryimage\"},\"image\":{\"@id\":\"https:\/\/cortartec.dev-dominios.com\/fr\/produto\/placa-corta-fogo\/#primaryimage\"},\"thumbnailUrl\":\"https:\/\/cortartec.dev-dominios.com\/wp-content\/uploads\/2026\/02\/intu-board-pek2va51vzcvpp49i8g3ocwuto6s4prl5yvrfncsoo.jpg\",\"datePublished\":\"2026-02-06T09:59:28+00:00\",\"breadcrumb\":{\"@id\":\"https:\/\/cortartec.dev-dominios.com\/fr\/produto\/placa-corta-fogo\/#breadcrumb\"},\"inLanguage\":\"fr-FR\",\"potentialAction\":[{\"@type\":\"ReadAction\",\"target\":[\"https:\/\/cortartec.dev-dominios.com\/fr\/produto\/placa-corta-fogo\/\"]}]},{\"@type\":\"ImageObject\",\"inLanguage\":\"fr-FR\",\"@id\":\"https:\/\/cortartec.dev-dominios.com\/fr\/produto\/placa-corta-fogo\/#primaryimage\",\"url\":\"https:\/\/cortartec.dev-dominios.com\/wp-content\/uploads\/2026\/02\/intu-board-pek2va51vzcvpp49i8g3ocwuto6s4prl5yvrfncsoo.jpg\",\"contentUrl\":\"https:\/\/cortartec.dev-dominios.com\/wp-content\/uploads\/2026\/02\/intu-board-pek2va51vzcvpp49i8g3ocwuto6s4prl5yvrfncsoo.jpg\",\"width\":350,\"height\":300},{\"@type\":\"BreadcrumbList\",\"@id\":\"https:\/\/cortartec.dev-dominios.com\/fr\/produto\/placa-corta-fogo\/#breadcrumb\",\"itemListElement\":[{\"@type\":\"ListItem\",\"position\":1,\"name\":\"In\u00edcio\",\"item\":\"https:\/\/cortartec.dev-dominios.com\/fr\/\"},{\"@type\":\"ListItem\",\"position\":2,\"name\":\"Produtos\",\"item\":\"https:\/\/cortartec.dev-dominios.com\/produtos\/\"},{\"@type\":\"ListItem\",\"position\":3,\"name\":\"Placa corta-fogo\"}]},{\"@type\":\"WebSite\",\"@id\":\"https:\/\/cortartec.dev-dominios.com\/#website\",\"url\":\"https:\/\/cortartec.dev-dominios.com\/\",\"name\":\"Cortartec | Equipamentos para a constru\u00e7\u00e3o civil\",\"description\":\"Engenharia Industrial\",\"potentialAction\":[{\"@type\":\"SearchAction\",\"target\":{\"@type\":\"EntryPoint\",\"urlTemplate\":\"https:\/\/cortartec.dev-dominios.com\/?s={search_term_string}\"},\"query-input\":{\"@type\":\"PropertyValueSpecification\",\"valueRequired\":true,\"valueName\":\"search_term_string\"}}],\"inLanguage\":\"fr-FR\"}]}<\/script>\n<!-- \/ Yoast SEO plugin. -->","yoast_head_json":{"title":"Placa corta-fogo - Cortartec | Equipamentos para a constru\u00e7\u00e3o civil","robots":{"index":"noindex","follow":"follow","max-snippet":"max-snippet:-1","max-image-preview":"max-image-preview:large","max-video-preview":"max-video-preview:-1"},"og_locale":"fr_FR","og_type":"article","og_title":"Placa corta-fogo - Cortartec | Equipamentos para a constru\u00e7\u00e3o civil","og_description":"Ficha T\u00e9cnica DWG","og_url":"https:\/\/cortartec.dev-dominios.com\/fr\/produto\/placa-corta-fogo\/","og_site_name":"Cortartec | Equipamentos para a constru\u00e7\u00e3o civil","twitter_card":"summary_large_image","twitter_misc":{"Dur\u00e9e de lecture estim\u00e9e":"1 minute"},"schema":{"@context":"https:\/\/schema.org","@graph":[{"@type":"WebPage","@id":"https:\/\/cortartec.dev-dominios.com\/fr\/produto\/placa-corta-fogo\/","url":"https:\/\/cortartec.dev-dominios.com\/fr\/produto\/placa-corta-fogo\/","name":"Placa corta-fogo - Cortartec | Equipamentos para a constru\u00e7\u00e3o civil","isPartOf":{"@id":"https:\/\/cortartec.dev-dominios.com\/#website"},"primaryImageOfPage":{"@id":"https:\/\/cortartec.dev-dominios.com\/fr\/produto\/placa-corta-fogo\/#primaryimage"},"image":{"@id":"https:\/\/cortartec.dev-dominios.com\/fr\/produto\/placa-corta-fogo\/#primaryimage"},"thumbnailUrl":"https:\/\/cortartec.dev-dominios.com\/wp-content\/uploads\/2026\/02\/intu-board-pek2va51vzcvpp49i8g3ocwuto6s4prl5yvrfncsoo.jpg","datePublished":"2026-02-06T09:59:28+00:00","breadcrumb":{"@id":"https:\/\/cortartec.dev-dominios.com\/fr\/produto\/placa-corta-fogo\/#breadcrumb"},"inLanguage":"fr-FR","potentialAction":[{"@type":"ReadAction","target":["https:\/\/cortartec.dev-dominios.com\/fr\/produto\/placa-corta-fogo\/"]}]},{"@type":"ImageObject","inLanguage":"fr-FR","@id":"https:\/\/cortartec.dev-dominios.com\/fr\/produto\/placa-corta-fogo\/#primaryimage","url":"https:\/\/cortartec.dev-dominios.com\/wp-content\/uploads\/2026\/02\/intu-board-pek2va51vzcvpp49i8g3ocwuto6s4prl5yvrfncsoo.jpg","contentUrl":"https:\/\/cortartec.dev-dominios.com\/wp-content\/uploads\/2026\/02\/intu-board-pek2va51vzcvpp49i8g3ocwuto6s4prl5yvrfncsoo.jpg","width":350,"height":300},{"@type":"BreadcrumbList","@id":"https:\/\/cortartec.dev-dominios.com\/fr\/produto\/placa-corta-fogo\/#breadcrumb","itemListElement":[{"@type":"ListItem","position":1,"name":"In\u00edcio","item":"https:\/\/cortartec.dev-dominios.com\/fr\/"},{"@type":"ListItem","position":2,"name":"Produtos","item":"https:\/\/cortartec.dev-dominios.com\/produtos\/"},{"@type":"ListItem","position":3,"name":"Placa corta-fogo"}]},{"@type":"WebSite","@id":"https:\/\/cortartec.dev-dominios.com\/#website","url":"https:\/\/cortartec.dev-dominios.com\/","name":"Cortartec | Equipamentos para a constru\u00e7\u00e3o civil","description":"Engenharia Industrial","potentialAction":[{"@type":"SearchAction","target":{"@type":"EntryPoint","urlTemplate":"https:\/\/cortartec.dev-dominios.com\/?s={search_term_string}"},"query-input":{"@type":"PropertyValueSpecification","valueRequired":true,"valueName":"search_term_string"}}],"inLanguage":"fr-FR"}]}},"_links":{"self":[{"href":"https:\/\/cortartec.dev-dominios.com\/fr\/wp-json\/wp\/v2\/product\/36667","targetHints":{"allow":["GET"]}}],"collection":[{"href":"https:\/\/cortartec.dev-dominios.com\/fr\/wp-json\/wp\/v2\/product"}],"about":[{"href":"https:\/\/cortartec.dev-dominios.com\/fr\/wp-json\/wp\/v2\/types\/product"}],"replies":[{"embeddable":true,"href":"https:\/\/cortartec.dev-dominios.com\/fr\/wp-json\/wp\/v2\/comments?post=36667"}],"wp:featuredmedia":[{"embeddable":true,"href":"https:\/\/cortartec.dev-dominios.com\/fr\/wp-json\/wp\/v2\/media\/36668"}],"wp:attachment":[{"href":"https:\/\/cortartec.dev-dominios.com\/fr\/wp-json\/wp\/v2\/media?parent=36667"}],"wp:term":[{"taxonomy":"product_brand","embeddable":true,"href":"https:\/\/cortartec.dev-dominios.com\/fr\/wp-json\/wp\/v2\/product_brand?post=36667"},{"taxonomy":"product_cat","embeddable":true,"href":"https:\/\/cortartec.dev-dominios.com\/fr\/wp-json\/wp\/v2\/product_cat?post=36667"},{"taxonomy":"product_tag","embeddable":true,"href":"https:\/\/cortartec.dev-dominios.com\/fr\/wp-json\/wp\/v2\/product_tag?post=36667"}],"curies":[{"name":"wp","href":"https:\/\/api.w.org\/{rel}","templated":true}]}}