{"id":36622,"date":"2026-02-11T10:32:44","date_gmt":"2026-02-11T10:32:44","guid":{"rendered":"https:\/\/cortartec.dev-dominios.com\/produto\/proteccao-de-paredes\/"},"modified":"2026-02-11T10:32:44","modified_gmt":"2026-02-11T10:32:44","slug":"proteccao-de-paredes","status":"publish","type":"product","link":"https:\/\/cortartec.dev-dominios.com\/fr\/produto\/proteccao-de-paredes\/","title":{"rendered":"Protec\u00e7\u00e3o de paredes"},"content":{"rendered":"<div class=\"wpb-content-wrapper\"><p>[vc_row][vc_column]\t\t<div id=\"wd-698c6b35a2d50\" class=\"wd-text-block wd-wpb reset-last-child wd-rs-698c6b35a2d50 text-left \">\n\t\t\t<h2><strong>Prote\u00e7\u00e3o de paredes \/ passam\u00e3os<\/strong><\/h2>\n<p>O nosso sistema de Prote\u00e7\u00e3o de paredes \u00e9 compostos por um perfil\u00a0de alum\u00ednio fixado \u00e1 parede com ou sem\u00a0suportes de\u00a0afastamentos. A cobertura de vinil \u00e9 resistente \u00e1 abras\u00e3o e\u00a0absorve impactos atrav\u00e9s dos seus apoios em perfil de borracha e oferece uma solu\u00e7\u00e3o moderna, decorativa e muito funcional \u00a0Os perfis de 4m de comprido s\u00e3o produzidos em 32 cores diferentes. Gra\u00e7as \u00e1 sua formula\u00e7\u00e3o anti-bacteriana e isenta de metais\u00a0pesados \u00e9 ideal para utiliza\u00e7\u00e3o em instala\u00e7\u00f5es de sa\u00fade como hospitais, cl\u00ednicas e \u00e1reas de processamento alimentar, lares, escolas, \u00e1reas p\u00fablicas, escrit\u00f3rios, etc.<\/p>\n<p>Os nossos sistemas Cortartec s\u00e3o a primeira linha de defesa contra os danos em \u00e1reas trafego intenso das paredes hospitalares, das paredes dos h\u00f3teis, das paredes escolares e at\u00e9 mesmo paredes de espa\u00e7os desportivos e eventos. Ao usar as nossas prote\u00e7\u00f5es ir\u00e1 reduzir drasticamente a manuten\u00e7\u00e3o e as despesas de repara\u00e7\u00e3o ao longo do tempo, assim como, as suas instala\u00e7\u00f5es apresentar\u00e3o, sempre, um aspeto limpo e cuidado.<\/p>\n<h2><strong>Prote\u00e7\u00e3o de paredes LED<\/strong><\/h2>\n<p>Prote\u00e7\u00e3o VINIC ilumina\u00e7\u00e3o LED foi projetado para fornecer orienta\u00e7\u00e3o para os corredores hospitalares durante a noite, al\u00e9m disso, o corrim\u00e3o de ilumina\u00e7\u00e3o LED \u00e9 um produto de elei\u00e7\u00e3o por causa do seu baixo uso de energia e apar\u00eancia decorativa, \u00e9 montada contra a parede com um perfil de alum\u00ednio cont\u00ednuo e tem um corrim\u00e3o. Os canais de ilumina\u00e7\u00e3o LED s\u00e3o integrados na parte interior do edif\u00edcio a tampa do vinil \u00e9 produzida em 32 cores diferentes. \u00c9 instalado nas paredes com diferentes elementos de fixa\u00e7\u00e3o com um intervalo de 60-75cm. O comprimento \u00e9 de 4 metros.<\/p>\n\t\t<\/div>\n\t\t[vc_single_image image=\u00a0\u00bb35016&Prime; img_size=\u00a0\u00bbfull\u00a0\u00bb alignment=\u00a0\u00bbcenter\u00a0\u00bb css=\u00a0\u00bb\u00a0\u00bb parallax_scroll=\u00a0\u00bbno\u00a0\u00bb woodmart_inline=\u00a0\u00bbno\u00a0\u00bb]\t\t<div id=\"wd-698c6b5872dd3\" class=\"wd-text-block wd-wpb reset-last-child wd-rs-698c6b5872dd3 text-left \">\n\t\t\t<h3><b>CWG 1<\/b><b>4<\/b><b>5 Sistema de\u00a0<\/b><b>prote\u00e7\u00e3o<\/b><b>\u00a0de\u00a0<\/b><b>parede<\/b>\u00a0<b>e<\/b>\u00a0<b>corrim\u00e3o<\/b><\/h3>\n<p>A banda de prote\u00e7\u00e3o de parede\u00a0<strong>CWG 145<\/strong>\u00a0tem dimens\u00f5es de 145mm de largura e 85mm de profundidade. O sistema de prote\u00e7\u00e3o e corrim\u00e3o de parede Cortartec\u00a0<strong>CWG 145<\/strong>\u00a0\u00e9 um elegante sistema de corrim\u00e3o que protege as paredes contra danos causados por impactos e desgastes e tamb\u00e9m fornece suporte aos pacientes. A capa decorativa de vinil \u00e9 produzida em 32 cores diferentes.<\/p>\n\t\t<\/div>\n\t\t[vc_single_image image=\u00a0\u00bb35017&Prime; img_size=\u00a0\u00bbfull\u00a0\u00bb alignment=\u00a0\u00bbcenter\u00a0\u00bb css=\u00a0\u00bb\u00a0\u00bb parallax_scroll=\u00a0\u00bbno\u00a0\u00bb woodmart_inline=\u00a0\u00bbno\u00a0\u00bb]\t\t<div id=\"wd-698c6b64212b0\" class=\"wd-text-block wd-wpb reset-last-child wd-rs-698c6b64212b0 text-left \">\n\t\t\t<h3><b>Corrim\u00e3o<\/b><b>\u00a0de\u00a0<\/b><b>ilumina\u00e7\u00e3o<\/b><b>\u00a0LED CWG 145-1 VINY e\u00a0<\/b><b>prote\u00e7\u00e3o<\/b><b>\u00a0de\u00a0<\/b><b>parede<\/b><\/h3>\n<p>O corrim\u00e3o de ilumina\u00e7\u00e3o LED VINY foi projetado para fornecer orienta\u00e7\u00e3o para corredores hospitalares durante a noite o\u00a0<strong>CWG 145-1\u00a0<\/strong>\u00e9 \u00a0de baixo consumo de energia e apar\u00eancia decorativa, o que torna o nosso sistema de corrim\u00e3o de ilumina\u00e7\u00e3o LED o sistema preferido de hospitais. A banda de prote\u00e7\u00e3o de parede tem dimens\u00f5es de 145 mm de largura, e 85 mm de profundidade e \u00e9 montado na parede com um perfil de alum\u00ednio cont\u00ednuo. O\u00a0<strong>CWG 145-1\u00a0<\/strong>n\u00e3o \u00e9 apenas um sistema de prote\u00e7\u00e3o de parede, mas tamb\u00e9m um sistema de corrim\u00e3o projetado para apoiar os pacientes. Os canais de ilumina\u00e7\u00e3o LED est\u00e3o integrados na parte inferior do perfil.<\/p>\n\t\t<\/div>\n\t\t[vc_single_image image=\u00a0\u00bb35018&Prime; img_size=\u00a0\u00bbfull\u00a0\u00bb alignment=\u00a0\u00bbcenter\u00a0\u00bb css=\u00a0\u00bb\u00a0\u00bb parallax_scroll=\u00a0\u00bbno\u00a0\u00bb woodmart_inline=\u00a0\u00bbno\u00a0\u00bb]\t\t<div id=\"wd-698c6b70d6692\" class=\"wd-text-block wd-wpb reset-last-child wd-rs-698c6b70d6692 text-left \">\n\t\t\t<h3><b>CWG 1<\/b><b>46<\/b><b>\u00a0Sistema de\u00a0<\/b><b>prote\u00e7\u00e3o<\/b><b>\u00a0de\u00a0<\/b><b>parede<\/b>\u00a0<b>e<\/b>\u00a0<b>corrim\u00e3o<\/b><b>\u00a0(Econ\u00f3mico)<\/b><\/h3>\n<p>A banda de prote\u00e7\u00e3o de parede\u00a0<strong>CWG 146<\/strong>\u00a0tem dimens\u00f5es de 145mm de largura e 85mm de profundidade. O sistema de prote\u00e7\u00e3o e corrim\u00e3o de parede Cortartec\u00a0<strong>CWG 146<\/strong>\u00a0\u00e9 um elegante sistema de corrim\u00e3o que protege as paredes contra danos causados por impactos e desgastes e tamb\u00e9m fornece suporte aos pacientes. A capa decorativa de vinil \u00e9 produzida em 32 cores diferentes.<\/p>\n\t\t<\/div>\n\t\t[vc_single_image image=\u00a0\u00bb35019&Prime; img_size=\u00a0\u00bbfull\u00a0\u00bb alignment=\u00a0\u00bbcenter\u00a0\u00bb css=\u00a0\u00bb\u00a0\u00bb parallax_scroll=\u00a0\u00bbno\u00a0\u00bb woodmart_inline=\u00a0\u00bbno\u00a0\u00bb]\t\t<div id=\"wd-698c6b7964f4b\" class=\"wd-text-block wd-wpb reset-last-child wd-rs-698c6b7964f4b text-left \">\n\t\t\t<h3><b>Sistema de prote\u00e7\u00e3o de parede do corrim\u00e3o CWG 140<\/b><\/h3>\n<p>O sistema de prote\u00e7\u00e3o de parede do corrim\u00e3o\u00a0<strong>CWG 140\u00a0<\/strong>\u00a0esta banda de prote\u00e7\u00e3o de parede curvada \u00e9 continuamente instalada na parede usando um retentor de alum\u00ednio cont\u00ednuo. Ele absorve os impactos devido ao menor pavio de borracha e oferece solu\u00e7\u00f5es modernas por pe\u00e7as de acabamento decorativo. E pode ser produzido em 32 cores diferentes.<\/p>\n\t\t<\/div>\n\t\t[vc_single_image image=\u00a0\u00bb35020&Prime; img_size=\u00a0\u00bbfull\u00a0\u00bb alignment=\u00a0\u00bbcenter\u00a0\u00bb css=\u00a0\u00bb\u00a0\u00bb parallax_scroll=\u00a0\u00bbno\u00a0\u00bb woodmart_inline=\u00a0\u00bbno\u00a0\u00bb]\t\t<div id=\"wd-698c6b8d55082\" class=\"wd-text-block wd-wpb reset-last-child wd-rs-698c6b8d55082 text-left \">\n\t\t\t<h3><b>CWG 152 Sistema de prote\u00e7\u00e3o de corrim\u00e3o e parede<\/b><\/h3>\n<p>O sistema de prote\u00e7\u00e3o de parede e corrim\u00e3o\u00a0<strong>CWG 152\u00a0<\/strong>\u00e9 uma banda decorativa de prote\u00e7\u00e3o de parede com 152 mm de largura e 85 mm de profundidade. O sistema de prote\u00e7\u00e3o de parede \u00e9 revestida a vinil, \u00e9 resistente a arranh\u00f5es e absorve os impactos atrav\u00e9s das pastilhas de borracha inferiores oferece solu\u00e7\u00f5es modernas por retornos decorativos de direita e esquerda. Por sua formula\u00e7\u00e3o antibacteriana (n\u00e3o cont\u00e9m nenhum ingrediente de metal pesado), \u00e9 ideal para hospitais. enfermarias e cl\u00ednicas.<\/p>\n\t\t<\/div>\n\t\t[vc_single_image image=\u00a0\u00bb35021&Prime; img_size=\u00a0\u00bbfull\u00a0\u00bb alignment=\u00a0\u00bbcenter\u00a0\u00bb css=\u00a0\u00bb\u00a0\u00bb parallax_scroll=\u00a0\u00bbno\u00a0\u00bb woodmart_inline=\u00a0\u00bbno\u00a0\u00bb]\t\t<div id=\"wd-698c6b9874d7a\" class=\"wd-text-block wd-wpb reset-last-child wd-rs-698c6b9874d7a text-left \">\n\t\t\t<h3><b>WG 152-1 Sistemas de prote\u00e7\u00e3o de parede e corrim\u00e3o combinados<\/b><\/h3>\n<p>O sistema combinado Cortartec\u00a0<strong>CWG 152<\/strong>\u00a0oferece a op\u00e7\u00e3o de puder selecionar cores diferentes em um sistema. A linha do meio \u00e9 de textura de madeira ou material de a\u00e7o inoxid\u00e1vel. Este sistema oferece uma solu\u00e7\u00e3o de design decorativa e colorida. \u00c9 adequado para todos os tipos de locais.<\/p>\n\t\t<\/div>\n\t\t[\/vc_column][\/vc_row]<\/p>\n<\/div>","protected":false},"excerpt":{"rendered":"<p><span style=\"color: #e46106;\"><strong><a style=\"color: #e46106;\" href=\"https:\/\/48bfe850-8fa9-41aa-a01f-515ad5db562b.filesusr.com\/ugd\/b0e443_5de660f3f47e4fb29437fd4b41c4609f.pdf\" target=\"_blank\" rel=\"noopener\">Ficha T\u00e9cnica<\/a><\/strong><\/span><br \/>\n<span style=\"color: #e46106;\"><strong><a style=\"color: #e46106;\" href=\"#\">DWG<\/a><\/strong><\/span><\/p>\n","protected":false},"featured_media":36623,"comment_status":"open","ping_status":"closed","template":"","meta":[],"product_brand":[],"product_cat":[331],"product_tag":[],"class_list":{"0":"post-36622","1":"product","2":"type-product","3":"status-publish","4":"has-post-thumbnail","6":"product_cat-finitions","8":"first","9":"instock","10":"shipping-taxable","11":"product-type-simple"},"yoast_head":"<!-- This site is optimized with the Yoast SEO plugin v26.8 - https:\/\/yoast.com\/product\/yoast-seo-wordpress\/ -->\n<title>Protec\u00e7\u00e3o de paredes - Cortartec | Equipamentos para a constru\u00e7\u00e3o civil<\/title>\n<meta name=\"robots\" content=\"noindex, follow, max-snippet:-1, max-image-preview:large, max-video-preview:-1\" \/>\n<meta property=\"og:locale\" content=\"fr_FR\" \/>\n<meta property=\"og:type\" content=\"article\" \/>\n<meta property=\"og:title\" content=\"Protec\u00e7\u00e3o de paredes - Cortartec | Equipamentos para a constru\u00e7\u00e3o civil\" \/>\n<meta property=\"og:description\" content=\"Ficha T\u00e9cnica DWG\" \/>\n<meta property=\"og:url\" content=\"https:\/\/cortartec.dev-dominios.com\/fr\/produto\/proteccao-de-paredes\/\" \/>\n<meta property=\"og:site_name\" content=\"Cortartec | Equipamentos para a constru\u00e7\u00e3o civil\" \/>\n<meta name=\"twitter:card\" content=\"summary_large_image\" \/>\n<meta name=\"twitter:label1\" content=\"Dur\u00e9e de lecture estim\u00e9e\" \/>\n\t<meta name=\"twitter:data1\" content=\"7 minutes\" \/>\n<script type=\"application\/ld+json\" class=\"yoast-schema-graph\">{\"@context\":\"https:\/\/schema.org\",\"@graph\":[{\"@type\":\"WebPage\",\"@id\":\"https:\/\/cortartec.dev-dominios.com\/fr\/produto\/proteccao-de-paredes\/\",\"url\":\"https:\/\/cortartec.dev-dominios.com\/fr\/produto\/proteccao-de-paredes\/\",\"name\":\"Protec\u00e7\u00e3o de paredes - Cortartec | Equipamentos para a constru\u00e7\u00e3o civil\",\"isPartOf\":{\"@id\":\"https:\/\/cortartec.dev-dominios.com\/#website\"},\"primaryImageOfPage\":{\"@id\":\"https:\/\/cortartec.dev-dominios.com\/fr\/produto\/proteccao-de-paredes\/#primaryimage\"},\"image\":{\"@id\":\"https:\/\/cortartec.dev-dominios.com\/fr\/produto\/proteccao-de-paredes\/#primaryimage\"},\"thumbnailUrl\":\"https:\/\/cortartec.dev-dominios.com\/wp-content\/uploads\/2026\/02\/p.parede4-ofw86ccsqlvzmpjcru9dllqlmbwupo0q81bss55qru.jpg\",\"datePublished\":\"2026-02-11T10:32:44+00:00\",\"breadcrumb\":{\"@id\":\"https:\/\/cortartec.dev-dominios.com\/fr\/produto\/proteccao-de-paredes\/#breadcrumb\"},\"inLanguage\":\"fr-FR\",\"potentialAction\":[{\"@type\":\"ReadAction\",\"target\":[\"https:\/\/cortartec.dev-dominios.com\/fr\/produto\/proteccao-de-paredes\/\"]}]},{\"@type\":\"ImageObject\",\"inLanguage\":\"fr-FR\",\"@id\":\"https:\/\/cortartec.dev-dominios.com\/fr\/produto\/proteccao-de-paredes\/#primaryimage\",\"url\":\"https:\/\/cortartec.dev-dominios.com\/wp-content\/uploads\/2026\/02\/p.parede4-ofw86ccsqlvzmpjcru9dllqlmbwupo0q81bss55qru.jpg\",\"contentUrl\":\"https:\/\/cortartec.dev-dominios.com\/wp-content\/uploads\/2026\/02\/p.parede4-ofw86ccsqlvzmpjcru9dllqlmbwupo0q81bss55qru.jpg\",\"width\":300,\"height\":225},{\"@type\":\"BreadcrumbList\",\"@id\":\"https:\/\/cortartec.dev-dominios.com\/fr\/produto\/proteccao-de-paredes\/#breadcrumb\",\"itemListElement\":[{\"@type\":\"ListItem\",\"position\":1,\"name\":\"In\u00edcio\",\"item\":\"https:\/\/cortartec.dev-dominios.com\/fr\/\"},{\"@type\":\"ListItem\",\"position\":2,\"name\":\"Produtos\",\"item\":\"https:\/\/cortartec.dev-dominios.com\/produtos\/\"},{\"@type\":\"ListItem\",\"position\":3,\"name\":\"Protec\u00e7\u00e3o de paredes\"}]},{\"@type\":\"WebSite\",\"@id\":\"https:\/\/cortartec.dev-dominios.com\/#website\",\"url\":\"https:\/\/cortartec.dev-dominios.com\/\",\"name\":\"Cortartec | Equipamentos para a constru\u00e7\u00e3o civil\",\"description\":\"Engenharia Industrial\",\"potentialAction\":[{\"@type\":\"SearchAction\",\"target\":{\"@type\":\"EntryPoint\",\"urlTemplate\":\"https:\/\/cortartec.dev-dominios.com\/?s={search_term_string}\"},\"query-input\":{\"@type\":\"PropertyValueSpecification\",\"valueRequired\":true,\"valueName\":\"search_term_string\"}}],\"inLanguage\":\"fr-FR\"}]}<\/script>\n<!-- \/ Yoast SEO plugin. -->","yoast_head_json":{"title":"Protec\u00e7\u00e3o de paredes - Cortartec | Equipamentos para a constru\u00e7\u00e3o civil","robots":{"index":"noindex","follow":"follow","max-snippet":"max-snippet:-1","max-image-preview":"max-image-preview:large","max-video-preview":"max-video-preview:-1"},"og_locale":"fr_FR","og_type":"article","og_title":"Protec\u00e7\u00e3o de paredes - Cortartec | Equipamentos para a constru\u00e7\u00e3o civil","og_description":"Ficha T\u00e9cnica DWG","og_url":"https:\/\/cortartec.dev-dominios.com\/fr\/produto\/proteccao-de-paredes\/","og_site_name":"Cortartec | Equipamentos para a constru\u00e7\u00e3o civil","twitter_card":"summary_large_image","twitter_misc":{"Dur\u00e9e de lecture estim\u00e9e":"7 minutes"},"schema":{"@context":"https:\/\/schema.org","@graph":[{"@type":"WebPage","@id":"https:\/\/cortartec.dev-dominios.com\/fr\/produto\/proteccao-de-paredes\/","url":"https:\/\/cortartec.dev-dominios.com\/fr\/produto\/proteccao-de-paredes\/","name":"Protec\u00e7\u00e3o de paredes - Cortartec | Equipamentos para a constru\u00e7\u00e3o civil","isPartOf":{"@id":"https:\/\/cortartec.dev-dominios.com\/#website"},"primaryImageOfPage":{"@id":"https:\/\/cortartec.dev-dominios.com\/fr\/produto\/proteccao-de-paredes\/#primaryimage"},"image":{"@id":"https:\/\/cortartec.dev-dominios.com\/fr\/produto\/proteccao-de-paredes\/#primaryimage"},"thumbnailUrl":"https:\/\/cortartec.dev-dominios.com\/wp-content\/uploads\/2026\/02\/p.parede4-ofw86ccsqlvzmpjcru9dllqlmbwupo0q81bss55qru.jpg","datePublished":"2026-02-11T10:32:44+00:00","breadcrumb":{"@id":"https:\/\/cortartec.dev-dominios.com\/fr\/produto\/proteccao-de-paredes\/#breadcrumb"},"inLanguage":"fr-FR","potentialAction":[{"@type":"ReadAction","target":["https:\/\/cortartec.dev-dominios.com\/fr\/produto\/proteccao-de-paredes\/"]}]},{"@type":"ImageObject","inLanguage":"fr-FR","@id":"https:\/\/cortartec.dev-dominios.com\/fr\/produto\/proteccao-de-paredes\/#primaryimage","url":"https:\/\/cortartec.dev-dominios.com\/wp-content\/uploads\/2026\/02\/p.parede4-ofw86ccsqlvzmpjcru9dllqlmbwupo0q81bss55qru.jpg","contentUrl":"https:\/\/cortartec.dev-dominios.com\/wp-content\/uploads\/2026\/02\/p.parede4-ofw86ccsqlvzmpjcru9dllqlmbwupo0q81bss55qru.jpg","width":300,"height":225},{"@type":"BreadcrumbList","@id":"https:\/\/cortartec.dev-dominios.com\/fr\/produto\/proteccao-de-paredes\/#breadcrumb","itemListElement":[{"@type":"ListItem","position":1,"name":"In\u00edcio","item":"https:\/\/cortartec.dev-dominios.com\/fr\/"},{"@type":"ListItem","position":2,"name":"Produtos","item":"https:\/\/cortartec.dev-dominios.com\/produtos\/"},{"@type":"ListItem","position":3,"name":"Protec\u00e7\u00e3o de paredes"}]},{"@type":"WebSite","@id":"https:\/\/cortartec.dev-dominios.com\/#website","url":"https:\/\/cortartec.dev-dominios.com\/","name":"Cortartec | Equipamentos para a constru\u00e7\u00e3o civil","description":"Engenharia Industrial","potentialAction":[{"@type":"SearchAction","target":{"@type":"EntryPoint","urlTemplate":"https:\/\/cortartec.dev-dominios.com\/?s={search_term_string}"},"query-input":{"@type":"PropertyValueSpecification","valueRequired":true,"valueName":"search_term_string"}}],"inLanguage":"fr-FR"}]}},"_links":{"self":[{"href":"https:\/\/cortartec.dev-dominios.com\/fr\/wp-json\/wp\/v2\/product\/36622","targetHints":{"allow":["GET"]}}],"collection":[{"href":"https:\/\/cortartec.dev-dominios.com\/fr\/wp-json\/wp\/v2\/product"}],"about":[{"href":"https:\/\/cortartec.dev-dominios.com\/fr\/wp-json\/wp\/v2\/types\/product"}],"replies":[{"embeddable":true,"href":"https:\/\/cortartec.dev-dominios.com\/fr\/wp-json\/wp\/v2\/comments?post=36622"}],"wp:featuredmedia":[{"embeddable":true,"href":"https:\/\/cortartec.dev-dominios.com\/fr\/wp-json\/wp\/v2\/media\/36623"}],"wp:attachment":[{"href":"https:\/\/cortartec.dev-dominios.com\/fr\/wp-json\/wp\/v2\/media?parent=36622"}],"wp:term":[{"taxonomy":"product_brand","embeddable":true,"href":"https:\/\/cortartec.dev-dominios.com\/fr\/wp-json\/wp\/v2\/product_brand?post=36622"},{"taxonomy":"product_cat","embeddable":true,"href":"https:\/\/cortartec.dev-dominios.com\/fr\/wp-json\/wp\/v2\/product_cat?post=36622"},{"taxonomy":"product_tag","embeddable":true,"href":"https:\/\/cortartec.dev-dominios.com\/fr\/wp-json\/wp\/v2\/product_tag?post=36622"}],"curies":[{"name":"wp","href":"https:\/\/api.w.org\/{rel}","templated":true}]}}