{"id":36586,"date":"2026-02-11T15:27:19","date_gmt":"2026-02-11T15:27:19","guid":{"rendered":"https:\/\/cortartec.dev-dominios.com\/produto\/sistema-de-corrimao\/"},"modified":"2026-02-11T15:27:19","modified_gmt":"2026-02-11T15:27:19","slug":"sistema-de-corrimao","status":"publish","type":"product","link":"https:\/\/cortartec.dev-dominios.com\/fr\/produto\/sistema-de-corrimao\/","title":{"rendered":"Sistema de corrim\u00e3o"},"content":{"rendered":"<div class=\"wpb-content-wrapper\"><p>[vc_row][vc_column]\t\t<div id=\"wd-698ca24a0e408\" class=\"wd-text-block wd-wpb reset-last-child wd-rs-698ca24a0e408 text-left \">\n\t\t\t<p>Este sistema oferece v\u00e1rias op\u00e7\u00f5es de cores que mais nenhum outro sistema oferece e \u00e9 adequado a todos os tipos de edif\u00edcios em escadas e gradeamentos. Estruturalmente oferece v\u00e1rias solu\u00e7\u00f5es, sendo aplic\u00e1vel com outros sistemas usando acess\u00f3rios de a\u00e7o inox e outros em alum\u00ednio. \u00c9 resistente aos riscos e absorvente aos impactos gra\u00e7as ao design interior da estrutura de alum\u00ednio que absorve o choque e \u00e1 flexibilidade exterior do vinil. Este sistema \u00e9 utilizado em corredores de hospitais, quartos de deficientes escadas, etc. Este sistema pode tamb\u00e9m ser utilizado em escolas, hot\u00e9is, centros comerciais, centros de neg\u00f3cios e habita\u00e7\u00f5es, gra\u00e7as \u00e1s suas op\u00e7\u00f5es de cores e \u00e1 sua agrad\u00e1vel textura decorativa.<\/p>\n\t\t<\/div>\n\t\t[vc_single_image image=\u00a0\u00bb35076&Prime; img_size=\u00a0\u00bbfull\u00a0\u00bb alignment=\u00a0\u00bbcenter\u00a0\u00bb css=\u00a0\u00bb\u00a0\u00bb parallax_scroll=\u00a0\u00bbno\u00a0\u00bb woodmart_inline=\u00a0\u00bbno\u00a0\u00bb]\t\t<div id=\"wd-698ca29623fad\" class=\"wd-text-block wd-wpb reset-last-child wd-rs-698ca29623fad text-left \">\n\t\t\t<h3><b>Sistema de corrim\u00e3o CWG 50<\/b><\/h3>\n<p>O\u00a0<strong>CWG 50\u00a0<\/strong>pode ser usado para fins de manuten\u00e7\u00e3o em corredores de hospitais, \u00e1reas comuns e aberturas de escadas, suas alternativas de cores, textura decorativa quente e pe\u00e7as finais n\u00e3o est\u00e3o dispon\u00edveis em outros sistemas de corrim\u00f5es. Pode ser utilizado como sistema de trilhos em escolas, hot\u00e9is, centro comerciais, escrit\u00f3rios e resid\u00eancias. O comprimento do perfil \u00e9 de 4 metros e pode ser produzido em 32 cores diferentes.<\/p>\n\t\t<\/div>\n\t\t[vc_single_image image=\u00a0\u00bb35078&Prime; img_size=\u00a0\u00bbfull\u00a0\u00bb alignment=\u00a0\u00bbcenter\u00a0\u00bb css=\u00a0\u00bb\u00a0\u00bb parallax_scroll=\u00a0\u00bbno\u00a0\u00bb woodmart_inline=\u00a0\u00bbno\u00a0\u00bb]\t\t<div id=\"wd-698ca28e54e38\" class=\"wd-text-block wd-wpb reset-last-child wd-rs-698ca28e54e38 text-left \">\n\t\t\t<h3><b>Sistema de corrim\u00e3o CWG 42<\/b><\/h3>\n<p>O\u00a0<strong>CWG 42\u00a0<\/strong>pode ser usado para fins de manuten\u00e7\u00e3o em corredores de hospitais, \u00e1reas comuns e locais onde estejam presentes escadas, suas alternativas de cores, textura decorativa quente e pe\u00e7as finais \u00e9 o que o torna diferente de todos os outros sistemas. Ideal para escolas, hot\u00e9is, centro comerciais, escrit\u00f3rios e resid\u00eancias. O comprimento do perfil \u00e9 de 4 metros e pode ser produzido em 32 cores diferentes.<\/p>\n\t\t<\/div>\n\t\t[vc_single_image image=\u00a0\u00bb35079&Prime; img_size=\u00a0\u00bbfull\u00a0\u00bb alignment=\u00a0\u00bbcenter\u00a0\u00bb css=\u00a0\u00bb\u00a0\u00bb parallax_scroll=\u00a0\u00bbno\u00a0\u00bb woodmart_inline=\u00a0\u00bbno\u00a0\u00bb]\t\t<div id=\"wd-698ca3117f322\" class=\"wd-text-block wd-wpb reset-last-child wd-rs-698ca3117f322 text-left \">\n\t\t\t<h3><b>Sistema de corrim\u00e3o CWG 42-1<\/b><\/h3>\n<p>O\u00a0<strong>CWG 42-1<\/strong>\u00a0pode ser usado em todas as \u00e1reas para prote\u00e7\u00e3o e apoio \u00e1s desloca\u00e7\u00f5es em hospitais, \u00e1reas comuns e v\u00e3os de escadas, as suas variadas cores, textura decorativa e pe\u00e7as \u00fanicas de acabamento tornam este sistema diferente da concorr\u00eancia.<br \/>\nPode ser utilizado como sistema de passam\u00e3o em escolas, hot\u00e9is, centro comerciais, escrit\u00f3rios e resid\u00eancias. As outras diferen\u00e7as do\u00a0<strong>CWG142-1<\/strong>\u00a0s\u00e3o que todas as pe\u00e7as de conex\u00e3o s\u00e3o de apar\u00eancia inoxid\u00e1vel e est\u00e9tica nas paredes. O comprimento do perfil \u00e9 de 4 metros e produzido em 32 cores diferentes.<\/p>\n\t\t<\/div>\n\t\t[vc_single_image image=\u00a0\u00bb35080&Prime; img_size=\u00a0\u00bbfull\u00a0\u00bb alignment=\u00a0\u00bbcenter\u00a0\u00bb css=\u00a0\u00bb\u00a0\u00bb parallax_scroll=\u00a0\u00bbno\u00a0\u00bb woodmart_inline=\u00a0\u00bbno\u00a0\u00bb]\t\t<div id=\"wd-698ca3824f7d7\" class=\"wd-text-block wd-wpb reset-last-child wd-rs-698ca3824f7d7 text-left \">\n\t\t\t<h3><b>Sistema de corrim\u00e3o de madeira CWG 42-2<\/b><\/h3>\n<p>O passam\u00e3os\u00a0<strong>CWG 42-2<\/strong>\u00a0pode ser usado para apoio \u00e1 desloca\u00e7\u00e3o de pessoas em corredores de hospitais, \u00e1reas comuns v\u00e3os de escada, etc. O corrim\u00e3o e prote\u00e7\u00e3o\u00a0<strong>CWG 42-2<\/strong>\u00a0destaca-se pela parte do corpo de madeira e pelas extremidades de acabamento em a\u00e7o inoxid\u00e1vel. O comprimento do perfil \u00e9 de 4 metros.<\/p>\n\t\t<\/div>\n\t\t[vc_single_image image=\u00a0\u00bb35081&Prime; img_size=\u00a0\u00bbfull\u00a0\u00bb alignment=\u00a0\u00bbcenter\u00a0\u00bb css=\u00a0\u00bb\u00a0\u00bb parallax_scroll=\u00a0\u00bbno\u00a0\u00bb woodmart_inline=\u00a0\u00bbno\u00a0\u00bb]\t\t<div id=\"wd-698ca3a9493ac\" class=\"wd-text-block wd-wpb reset-last-child wd-rs-698ca3a9493ac text-left \">\n\t\t\t<h3><b>Sistema de corrim\u00e3o CWG 42-3<\/b><\/h3>\n<p>O\u00a0<strong>CWG 42-3<\/strong>\u00a0pode ser usado para fins de apoio \u00e1 mobilidade em corredores de hospitais, nas \u00e1reas comuns e v\u00e3os de escadas, com suas exclusivas cores, texturas decorativas e quentes s\u00e3o uma op\u00e7\u00e3o moderna e arrojada e f\u00e1cil de integrar com a arquitetura.<br \/>\n\u00c9 utilizado como sistema de corrim\u00e3o em escolas, hot\u00e9is, centro comerciais, escrit\u00f3rios e resid\u00eancias. Os outros detalhes do\u00a0<strong>CWG142-3<\/strong>\u00a0\u00e9 que todas as suas pe\u00e7as de liga\u00e7\u00e3o s\u00e3o inoxid\u00e1veis e est\u00e9ticas, conferindo \u00e1s paredes um detalhe premium e um apontamento est\u00e9tico fant\u00e1stico. O comprimento do perfil \u00e9 de 4 metros e produzido em 32 cores diferentes.<\/p>\n\t\t<\/div>\n\t\t[\/vc_column][\/vc_row]<\/p>\n<\/div>","protected":false},"excerpt":{"rendered":"<p><span style=\"color: #e46106;\"><strong><a style=\"color: #e46106;\" href=\"https:\/\/48bfe850-8fa9-41aa-a01f-515ad5db562b.filesusr.com\/ugd\/b0e443_ee9f3b6df7054f84a293b5c51fe3b151.pdf\" target=\"_blank\" rel=\"noopener\">Ficha T\u00e9cnica<\/a><\/strong><\/span><br \/>\n<span style=\"color: #e46106;\"><strong><a style=\"color: #e46106;\" href=\"#\">DWG<\/a><\/strong><\/span><\/p>\n","protected":false},"featured_media":36587,"comment_status":"open","ping_status":"closed","template":"","meta":[],"product_brand":[],"product_cat":[331],"product_tag":[],"class_list":{"0":"post-36586","1":"product","2":"type-product","3":"status-publish","4":"has-post-thumbnail","6":"product_cat-finitions","8":"first","9":"instock","10":"shipping-taxable","11":"product-type-simple"},"yoast_head":"<!-- This site is optimized with the Yoast SEO plugin v26.8 - https:\/\/yoast.com\/product\/yoast-seo-wordpress\/ -->\n<title>Sistema de corrim\u00e3o - Cortartec | Equipamentos para a constru\u00e7\u00e3o civil<\/title>\n<meta name=\"robots\" content=\"noindex, follow, max-snippet:-1, max-image-preview:large, max-video-preview:-1\" \/>\n<meta property=\"og:locale\" content=\"fr_FR\" \/>\n<meta property=\"og:type\" content=\"article\" \/>\n<meta property=\"og:title\" content=\"Sistema de corrim\u00e3o - Cortartec | Equipamentos para a constru\u00e7\u00e3o civil\" \/>\n<meta property=\"og:description\" content=\"Ficha T\u00e9cnica DWG\" \/>\n<meta property=\"og:url\" content=\"https:\/\/cortartec.dev-dominios.com\/fr\/produto\/sistema-de-corrimao\/\" \/>\n<meta property=\"og:site_name\" content=\"Cortartec | Equipamentos para a constru\u00e7\u00e3o civil\" \/>\n<meta name=\"twitter:card\" content=\"summary_large_image\" \/>\n<meta name=\"twitter:label1\" content=\"Dur\u00e9e de lecture estim\u00e9e\" \/>\n\t<meta name=\"twitter:data1\" content=\"5 minutes\" \/>\n<script type=\"application\/ld+json\" class=\"yoast-schema-graph\">{\"@context\":\"https:\/\/schema.org\",\"@graph\":[{\"@type\":\"WebPage\",\"@id\":\"https:\/\/cortartec.dev-dominios.com\/fr\/produto\/sistema-de-corrimao\/\",\"url\":\"https:\/\/cortartec.dev-dominios.com\/fr\/produto\/sistema-de-corrimao\/\",\"name\":\"Sistema de corrim\u00e3o - Cortartec | Equipamentos para a constru\u00e7\u00e3o civil\",\"isPartOf\":{\"@id\":\"https:\/\/cortartec.dev-dominios.com\/#website\"},\"primaryImageOfPage\":{\"@id\":\"https:\/\/cortartec.dev-dominios.com\/fr\/produto\/sistema-de-corrimao\/#primaryimage\"},\"image\":{\"@id\":\"https:\/\/cortartec.dev-dominios.com\/fr\/produto\/sistema-de-corrimao\/#primaryimage\"},\"thumbnailUrl\":\"https:\/\/cortartec.dev-dominios.com\/wp-content\/uploads\/2026\/02\/516706511587791-otuuvebg7jrxmpjhezkposq5gbli2kt9bi7jbugloq.jpg\",\"datePublished\":\"2026-02-11T15:27:19+00:00\",\"breadcrumb\":{\"@id\":\"https:\/\/cortartec.dev-dominios.com\/fr\/produto\/sistema-de-corrimao\/#breadcrumb\"},\"inLanguage\":\"fr-FR\",\"potentialAction\":[{\"@type\":\"ReadAction\",\"target\":[\"https:\/\/cortartec.dev-dominios.com\/fr\/produto\/sistema-de-corrimao\/\"]}]},{\"@type\":\"ImageObject\",\"inLanguage\":\"fr-FR\",\"@id\":\"https:\/\/cortartec.dev-dominios.com\/fr\/produto\/sistema-de-corrimao\/#primaryimage\",\"url\":\"https:\/\/cortartec.dev-dominios.com\/wp-content\/uploads\/2026\/02\/516706511587791-otuuvebg7jrxmpjhezkposq5gbli2kt9bi7jbugloq.jpg\",\"contentUrl\":\"https:\/\/cortartec.dev-dominios.com\/wp-content\/uploads\/2026\/02\/516706511587791-otuuvebg7jrxmpjhezkposq5gbli2kt9bi7jbugloq.jpg\",\"width\":300,\"height\":225},{\"@type\":\"BreadcrumbList\",\"@id\":\"https:\/\/cortartec.dev-dominios.com\/fr\/produto\/sistema-de-corrimao\/#breadcrumb\",\"itemListElement\":[{\"@type\":\"ListItem\",\"position\":1,\"name\":\"In\u00edcio\",\"item\":\"https:\/\/cortartec.dev-dominios.com\/fr\/\"},{\"@type\":\"ListItem\",\"position\":2,\"name\":\"Produtos\",\"item\":\"https:\/\/cortartec.dev-dominios.com\/produtos\/\"},{\"@type\":\"ListItem\",\"position\":3,\"name\":\"Sistema de corrim\u00e3o\"}]},{\"@type\":\"WebSite\",\"@id\":\"https:\/\/cortartec.dev-dominios.com\/#website\",\"url\":\"https:\/\/cortartec.dev-dominios.com\/\",\"name\":\"Cortartec | Equipamentos para a constru\u00e7\u00e3o civil\",\"description\":\"Engenharia Industrial\",\"potentialAction\":[{\"@type\":\"SearchAction\",\"target\":{\"@type\":\"EntryPoint\",\"urlTemplate\":\"https:\/\/cortartec.dev-dominios.com\/?s={search_term_string}\"},\"query-input\":{\"@type\":\"PropertyValueSpecification\",\"valueRequired\":true,\"valueName\":\"search_term_string\"}}],\"inLanguage\":\"fr-FR\"}]}<\/script>\n<!-- \/ Yoast SEO plugin. -->","yoast_head_json":{"title":"Sistema de corrim\u00e3o - Cortartec | Equipamentos para a constru\u00e7\u00e3o civil","robots":{"index":"noindex","follow":"follow","max-snippet":"max-snippet:-1","max-image-preview":"max-image-preview:large","max-video-preview":"max-video-preview:-1"},"og_locale":"fr_FR","og_type":"article","og_title":"Sistema de corrim\u00e3o - Cortartec | Equipamentos para a constru\u00e7\u00e3o civil","og_description":"Ficha T\u00e9cnica DWG","og_url":"https:\/\/cortartec.dev-dominios.com\/fr\/produto\/sistema-de-corrimao\/","og_site_name":"Cortartec | Equipamentos para a constru\u00e7\u00e3o civil","twitter_card":"summary_large_image","twitter_misc":{"Dur\u00e9e de lecture estim\u00e9e":"5 minutes"},"schema":{"@context":"https:\/\/schema.org","@graph":[{"@type":"WebPage","@id":"https:\/\/cortartec.dev-dominios.com\/fr\/produto\/sistema-de-corrimao\/","url":"https:\/\/cortartec.dev-dominios.com\/fr\/produto\/sistema-de-corrimao\/","name":"Sistema de corrim\u00e3o - Cortartec | Equipamentos para a constru\u00e7\u00e3o civil","isPartOf":{"@id":"https:\/\/cortartec.dev-dominios.com\/#website"},"primaryImageOfPage":{"@id":"https:\/\/cortartec.dev-dominios.com\/fr\/produto\/sistema-de-corrimao\/#primaryimage"},"image":{"@id":"https:\/\/cortartec.dev-dominios.com\/fr\/produto\/sistema-de-corrimao\/#primaryimage"},"thumbnailUrl":"https:\/\/cortartec.dev-dominios.com\/wp-content\/uploads\/2026\/02\/516706511587791-otuuvebg7jrxmpjhezkposq5gbli2kt9bi7jbugloq.jpg","datePublished":"2026-02-11T15:27:19+00:00","breadcrumb":{"@id":"https:\/\/cortartec.dev-dominios.com\/fr\/produto\/sistema-de-corrimao\/#breadcrumb"},"inLanguage":"fr-FR","potentialAction":[{"@type":"ReadAction","target":["https:\/\/cortartec.dev-dominios.com\/fr\/produto\/sistema-de-corrimao\/"]}]},{"@type":"ImageObject","inLanguage":"fr-FR","@id":"https:\/\/cortartec.dev-dominios.com\/fr\/produto\/sistema-de-corrimao\/#primaryimage","url":"https:\/\/cortartec.dev-dominios.com\/wp-content\/uploads\/2026\/02\/516706511587791-otuuvebg7jrxmpjhezkposq5gbli2kt9bi7jbugloq.jpg","contentUrl":"https:\/\/cortartec.dev-dominios.com\/wp-content\/uploads\/2026\/02\/516706511587791-otuuvebg7jrxmpjhezkposq5gbli2kt9bi7jbugloq.jpg","width":300,"height":225},{"@type":"BreadcrumbList","@id":"https:\/\/cortartec.dev-dominios.com\/fr\/produto\/sistema-de-corrimao\/#breadcrumb","itemListElement":[{"@type":"ListItem","position":1,"name":"In\u00edcio","item":"https:\/\/cortartec.dev-dominios.com\/fr\/"},{"@type":"ListItem","position":2,"name":"Produtos","item":"https:\/\/cortartec.dev-dominios.com\/produtos\/"},{"@type":"ListItem","position":3,"name":"Sistema de corrim\u00e3o"}]},{"@type":"WebSite","@id":"https:\/\/cortartec.dev-dominios.com\/#website","url":"https:\/\/cortartec.dev-dominios.com\/","name":"Cortartec | Equipamentos para a constru\u00e7\u00e3o civil","description":"Engenharia Industrial","potentialAction":[{"@type":"SearchAction","target":{"@type":"EntryPoint","urlTemplate":"https:\/\/cortartec.dev-dominios.com\/?s={search_term_string}"},"query-input":{"@type":"PropertyValueSpecification","valueRequired":true,"valueName":"search_term_string"}}],"inLanguage":"fr-FR"}]}},"_links":{"self":[{"href":"https:\/\/cortartec.dev-dominios.com\/fr\/wp-json\/wp\/v2\/product\/36586","targetHints":{"allow":["GET"]}}],"collection":[{"href":"https:\/\/cortartec.dev-dominios.com\/fr\/wp-json\/wp\/v2\/product"}],"about":[{"href":"https:\/\/cortartec.dev-dominios.com\/fr\/wp-json\/wp\/v2\/types\/product"}],"replies":[{"embeddable":true,"href":"https:\/\/cortartec.dev-dominios.com\/fr\/wp-json\/wp\/v2\/comments?post=36586"}],"wp:featuredmedia":[{"embeddable":true,"href":"https:\/\/cortartec.dev-dominios.com\/fr\/wp-json\/wp\/v2\/media\/36587"}],"wp:attachment":[{"href":"https:\/\/cortartec.dev-dominios.com\/fr\/wp-json\/wp\/v2\/media?parent=36586"}],"wp:term":[{"taxonomy":"product_brand","embeddable":true,"href":"https:\/\/cortartec.dev-dominios.com\/fr\/wp-json\/wp\/v2\/product_brand?post=36586"},{"taxonomy":"product_cat","embeddable":true,"href":"https:\/\/cortartec.dev-dominios.com\/fr\/wp-json\/wp\/v2\/product_cat?post=36586"},{"taxonomy":"product_tag","embeddable":true,"href":"https:\/\/cortartec.dev-dominios.com\/fr\/wp-json\/wp\/v2\/product_tag?post=36586"}],"curies":[{"name":"wp","href":"https:\/\/api.w.org\/{rel}","templated":true}]}}