{"id":36574,"date":"2026-02-11T16:34:20","date_gmt":"2026-02-11T16:34:20","guid":{"rendered":"https:\/\/cortartec.dev-dominios.com\/produto\/rodapes\/"},"modified":"2026-02-11T16:34:20","modified_gmt":"2026-02-11T16:34:20","slug":"rodapes","status":"publish","type":"product","link":"https:\/\/cortartec.dev-dominios.com\/fr\/produto\/rodapes\/","title":{"rendered":"Rodap\u00e9s"},"content":{"rendered":"<div class=\"wpb-content-wrapper\"><p>[vc_row][vc_column][vc_column_text]Os rodap\u00e9s\u00a0de alum\u00ednio Cortartec s\u00e3o um elemento decorativo por excel\u00eancia servindo ainda de prote\u00e7\u00e3o das paredes e para ocultar as juntas de dilata\u00e7\u00e3o dos revestimentos das paredes e pavimentos. Garante um \u00f3timo acabamento nos encontros dos pavimentos com as paredes. A nossa gama de rodap\u00e9s em alum\u00ednio de fixa\u00e7\u00e3o oculta e clipagem regul\u00e1vel garante uma durabilidade a toda a prova em qualquer ambiente sem qualquer manuten\u00e7\u00e3o.<\/p>\n<p>\u200b<\/p>\n<p>A serie de rodap\u00e9s de CORTARTEC FLEX PVC, permitem resolver de forma agrad\u00e1vel todo o tipo de forma devido \u00e1 sua flexibilidade, e facilidade de aplica\u00e7\u00e3o por colagem. projetados para o m\u00e1ximo desempenho, dura\u00e7\u00e3o e baixa manuten\u00e7\u00e3o.\u00a0Resistente aos impactos. A sua simplicidade de aplica\u00e7\u00e3o torna-os particularmente adequados a todas as situa\u00e7\u00f5es mesmo em casos de bricolage por aplicadores inexperientes .<br \/>\nAlguns modelos podem ser aplicados por colagem ou aparafusamento direto nas paredes ou utilizando o nosso sistema de clipagem .<\/p>\n<p>A gama de rodap\u00e9s em a\u00e7o inoxid\u00e1vel CORTINOX, resistente aos mais duros tratos mec\u00e2nicos e qu\u00edmicos \u00e9 de longe uma solu\u00e7\u00e3o quando se pretende durabilidade e qualidade de acabamento de n\u00edvel luxuoso.<br \/>\nAlguns modelos t\u00eam complementos especiais para: \u00e2ngulos externos, \u00e2ngulos internos, terminais e guarni\u00e7\u00f5es de cobertura; completando pos sistema com um acabamento de 1\u00ba.[\/vc_column_text][\/vc_column][\/vc_row][vc_row][vc_column]\t\t<div id=\"wd-698cb032e0aa2\" class=\"wd-text-block wd-wpb reset-last-child wd-rs-698cb032e0aa2 text-left \">\n\t\t\t<h3>Rodap\u00e9s de alum\u00ednio<\/h3>\n\t\t<\/div>\n\t\t[\/vc_column][\/vc_row][vc_row][vc_column width=\u00a0\u00bb1\/4&Prime;][vc_single_image image=\u00a0\u00bb35100&Prime; img_size=\u00a0\u00bbfull\u00a0\u00bb alignment=\u00a0\u00bbcenter\u00a0\u00bb css=\u00a0\u00bb\u00a0\u00bb parallax_scroll=\u00a0\u00bbno\u00a0\u00bb woodmart_inline=\u00a0\u00bbno\u00a0\u00bb]\t\t<div id=\"wd-698cb1bcbfe1e\" class=\"wd-text-block wd-wpb reset-last-child wd-rs-698cb1bcbfe1e text-left \">\n\t\t\t<p><strong>Comprimento do perfil:<\/strong>\u00a03 mt<\/p>\n<p><strong>Cor:<\/strong>\u00a0Anodizado mate, prata anodizada<\/p>\n<p><strong>M\u00e9todo de aplica\u00e7\u00e3o:\u00a0<\/strong>Clipes traseiros , por cola ou parafuso<\/p>\n\t\t<\/div>\n\t\t[\/vc_column][vc_column width=\u00a0\u00bb1\/4&Prime;][vc_single_image image=\u00a0\u00bb35101&Prime; img_size=\u00a0\u00bbfull\u00a0\u00bb alignment=\u00a0\u00bbcenter\u00a0\u00bb css=\u00a0\u00bb\u00a0\u00bb parallax_scroll=\u00a0\u00bbno\u00a0\u00bb woodmart_inline=\u00a0\u00bbno\u00a0\u00bb]\t\t<div id=\"wd-698cb1c9c6320\" class=\"wd-text-block wd-wpb reset-last-child wd-rs-698cb1c9c6320 text-left \">\n\t\t\t<p><strong>Comprimento do perfil:<\/strong>\u00a03 mt<\/p>\n<p><strong>Cor:<\/strong>\u00a0Anodizado mate<\/p>\n<p><strong>M\u00e9todo de aplica\u00e7\u00e3o:\u00a0<\/strong>Clipes traseiros<\/p>\n\t\t<\/div>\n\t\t[\/vc_column][vc_column width=\u00a0\u00bb1\/4&Prime;][vc_single_image image=\u00a0\u00bb35102&Prime; img_size=\u00a0\u00bbfull\u00a0\u00bb alignment=\u00a0\u00bbcenter\u00a0\u00bb css=\u00a0\u00bb\u00a0\u00bb parallax_scroll=\u00a0\u00bbno\u00a0\u00bb woodmart_inline=\u00a0\u00bbno\u00a0\u00bb]\t\t<div id=\"wd-698cb1d3e20ba\" class=\"wd-text-block wd-wpb reset-last-child wd-rs-698cb1d3e20ba text-left \">\n\t\t\t<p><strong>Comprimento do perfil:<\/strong>\u00a03 mt<\/p>\n<p><strong>Cor:<\/strong>\u00a0Anodizado mate<\/p>\n<p><strong>M\u00e9todo de aplica\u00e7\u00e3o:\u00a0<\/strong>Clipes traseiros<\/p>\n\t\t<\/div>\n\t\t[\/vc_column][vc_column width=\u00a0\u00bb1\/4&Prime;][vc_single_image image=\u00a0\u00bb35103&Prime; img_size=\u00a0\u00bbfull\u00a0\u00bb alignment=\u00a0\u00bbcenter\u00a0\u00bb css=\u00a0\u00bb\u00a0\u00bb parallax_scroll=\u00a0\u00bbno\u00a0\u00bb woodmart_inline=\u00a0\u00bbno\u00a0\u00bb]\t\t<div id=\"wd-698cb1dd7b878\" class=\"wd-text-block wd-wpb reset-last-child wd-rs-698cb1dd7b878 text-left \">\n\t\t\t<p><strong>Comprimento do perfil:<\/strong>\u00a03 mt<\/p>\n<p><strong>Cor:<\/strong>\u00a0Anodizado mate, tinta eletrost\u00e1tica na cor RAL desejada<\/p>\n<p><strong>M\u00e9todo de aplica\u00e7\u00e3o:\u00a0<\/strong>Clipes traseiros, incorporado no gesso<\/p>\n\t\t<\/div>\n\t\t[\/vc_column][\/vc_row][vc_row][vc_column width=\u00a0\u00bb1\/4&Prime;][vc_single_image image=\u00a0\u00bb35104&Prime; img_size=\u00a0\u00bbfull\u00a0\u00bb alignment=\u00a0\u00bbcenter\u00a0\u00bb css=\u00a0\u00bb\u00a0\u00bb parallax_scroll=\u00a0\u00bbno\u00a0\u00bb woodmart_inline=\u00a0\u00bbno\u00a0\u00bb]\t\t<div id=\"wd-698cb21f402ef\" class=\"wd-text-block wd-wpb reset-last-child wd-rs-698cb21f402ef text-left \">\n\t\t\t<p><strong>Comprimento do perfil:<\/strong>\u00a03 mt<\/p>\n<p><strong>Cor:<\/strong>\u00a0Anodizado mate<\/p>\n<p><strong>M\u00e9todo de aplica\u00e7\u00e3o:\u00a0<\/strong>Clipes traseiros<\/p>\n\t\t<\/div>\n\t\t[\/vc_column][vc_column width=\u00a0\u00bb1\/4&Prime;][\/vc_column][vc_column width=\u00a0\u00bb1\/4&Prime;][\/vc_column][vc_column width=\u00a0\u00bb1\/4&Prime;][\/vc_column][\/vc_row][vc_row][vc_column width=\u00a0\u00bb1\/4&Prime;]\t\t<div id=\"wd-698cb283cc511\" class=\"wd-text-block wd-wpb reset-last-child wd-rs-698cb283cc511 text-left \">\n\t\t\t<h3>Rodap\u00e9s em PVC<\/h3>\n\t\t<\/div>\n\t\t[vc_single_image image=\u00a0\u00bb35105&Prime; img_size=\u00a0\u00bbfull\u00a0\u00bb alignment=\u00a0\u00bbcenter\u00a0\u00bb css=\u00a0\u00bb\u00a0\u00bb parallax_scroll=\u00a0\u00bbno\u00a0\u00bb woodmart_inline=\u00a0\u00bbno\u00a0\u00bb]\t\t<div id=\"wd-698cb299e7ec1\" class=\"wd-text-block wd-wpb reset-last-child wd-rs-698cb299e7ec1 text-left \">\n\t\t\t<p><strong>Comprimento do perfil:<\/strong>\u00a03 mt<\/p>\n<p><strong>Cor:<\/strong>\u00a0Anodizado mate, solicitar tabela de cores<\/p>\n<p><strong>M\u00e9todo de aplica\u00e7\u00e3o:\u00a0<\/strong>Clipes traseiros, outro<\/p>\n\t\t<\/div>\n\t\t[\/vc_column][vc_column width=\u00a0\u00bb1\/4&Prime;]\t\t<div id=\"wd-698cb2ca489fe\" class=\"wd-text-block wd-wpb reset-last-child wd-rs-698cb2ca489fe text-left \">\n\t\t\t<h3>Rodap\u00e9s em In\u00f3x<\/h3>\n\t\t<\/div>\n\t\t[vc_single_image image=\u00a0\u00bb35106&Prime; img_size=\u00a0\u00bbfull\u00a0\u00bb alignment=\u00a0\u00bbcenter\u00a0\u00bb css=\u00a0\u00bb\u00a0\u00bb parallax_scroll=\u00a0\u00bbno\u00a0\u00bb woodmart_inline=\u00a0\u00bbno\u00a0\u00bb]\t\t<div id=\"wd-698cb2c2050d5\" class=\"wd-text-block wd-wpb reset-last-child wd-rs-698cb2c2050d5 text-left \">\n\t\t\t<p><strong>Comprimento do perfil:<\/strong>\u00a02,5 mt<\/p>\n<p><strong>Cor:<\/strong>\u00a0Cetim ou brilhante<\/p>\n\t\t<\/div>\n\t\t[\/vc_column][vc_column width=\u00a0\u00bb1\/4&Prime;][\/vc_column][vc_column width=\u00a0\u00bb1\/4&Prime;][\/vc_column][\/vc_row]<\/p>\n<\/div>","protected":false},"excerpt":{"rendered":"<p><span style=\"color: #e46106;\"><strong><a style=\"color: #e46106;\" href=\"https:\/\/cortartec.net\/wp-content\/uploads\/2021\/07\/cortartec-catalogo-perfis-acabamento-geral-pt.pdf\" target=\"_blank\" rel=\"noopener\">Ficha T\u00e9cnica<\/a><\/strong><\/span><br \/>\n<span style=\"color: #e46106;\"><strong><a style=\"color: #e46106;\" href=\"#\">DWG<\/a><\/strong><\/span><\/p>\n","protected":false},"featured_media":36575,"comment_status":"open","ping_status":"closed","template":"","meta":[],"product_brand":[],"product_cat":[331],"product_tag":[],"class_list":{"0":"post-36574","1":"product","2":"type-product","3":"status-publish","4":"has-post-thumbnail","6":"product_cat-finitions","8":"first","9":"instock","10":"shipping-taxable","11":"product-type-simple"},"yoast_head":"<!-- This site is optimized with the Yoast SEO plugin v26.8 - https:\/\/yoast.com\/product\/yoast-seo-wordpress\/ -->\n<title>Rodap\u00e9s - Cortartec | Equipamentos para a constru\u00e7\u00e3o civil<\/title>\n<meta name=\"robots\" content=\"noindex, follow, max-snippet:-1, max-image-preview:large, max-video-preview:-1\" \/>\n<meta property=\"og:locale\" content=\"fr_FR\" \/>\n<meta property=\"og:type\" content=\"article\" \/>\n<meta property=\"og:title\" content=\"Rodap\u00e9s - Cortartec | Equipamentos para a constru\u00e7\u00e3o civil\" \/>\n<meta property=\"og:description\" content=\"Ficha T\u00e9cnica DWG\" \/>\n<meta property=\"og:url\" content=\"https:\/\/cortartec.dev-dominios.com\/fr\/produto\/rodapes\/\" \/>\n<meta property=\"og:site_name\" content=\"Cortartec | Equipamentos para a constru\u00e7\u00e3o civil\" \/>\n<meta name=\"twitter:card\" content=\"summary_large_image\" \/>\n<meta name=\"twitter:label1\" content=\"Dur\u00e9e de lecture estim\u00e9e\" \/>\n\t<meta name=\"twitter:data1\" content=\"6 minutes\" \/>\n<script type=\"application\/ld+json\" class=\"yoast-schema-graph\">{\"@context\":\"https:\/\/schema.org\",\"@graph\":[{\"@type\":\"WebPage\",\"@id\":\"https:\/\/cortartec.dev-dominios.com\/fr\/produto\/rodapes\/\",\"url\":\"https:\/\/cortartec.dev-dominios.com\/fr\/produto\/rodapes\/\",\"name\":\"Rodap\u00e9s - Cortartec | Equipamentos para a constru\u00e7\u00e3o civil\",\"isPartOf\":{\"@id\":\"https:\/\/cortartec.dev-dominios.com\/#website\"},\"primaryImageOfPage\":{\"@id\":\"https:\/\/cortartec.dev-dominios.com\/fr\/produto\/rodapes\/#primaryimage\"},\"image\":{\"@id\":\"https:\/\/cortartec.dev-dominios.com\/fr\/produto\/rodapes\/#primaryimage\"},\"thumbnailUrl\":\"https:\/\/cortartec.dev-dominios.com\/wp-content\/uploads\/2026\/02\/aluminyum-supurgelik-profili-lato-03-on255oyfdvqmo16jxs7jax5umk4enrgwy7non5hm8a.jpg\",\"datePublished\":\"2026-02-11T16:34:20+00:00\",\"breadcrumb\":{\"@id\":\"https:\/\/cortartec.dev-dominios.com\/fr\/produto\/rodapes\/#breadcrumb\"},\"inLanguage\":\"fr-FR\",\"potentialAction\":[{\"@type\":\"ReadAction\",\"target\":[\"https:\/\/cortartec.dev-dominios.com\/fr\/produto\/rodapes\/\"]}]},{\"@type\":\"ImageObject\",\"inLanguage\":\"fr-FR\",\"@id\":\"https:\/\/cortartec.dev-dominios.com\/fr\/produto\/rodapes\/#primaryimage\",\"url\":\"https:\/\/cortartec.dev-dominios.com\/wp-content\/uploads\/2026\/02\/aluminyum-supurgelik-profili-lato-03-on255oyfdvqmo16jxs7jax5umk4enrgwy7non5hm8a.jpg\",\"contentUrl\":\"https:\/\/cortartec.dev-dominios.com\/wp-content\/uploads\/2026\/02\/aluminyum-supurgelik-profili-lato-03-on255oyfdvqmo16jxs7jax5umk4enrgwy7non5hm8a.jpg\",\"width\":300,\"height\":225},{\"@type\":\"BreadcrumbList\",\"@id\":\"https:\/\/cortartec.dev-dominios.com\/fr\/produto\/rodapes\/#breadcrumb\",\"itemListElement\":[{\"@type\":\"ListItem\",\"position\":1,\"name\":\"In\u00edcio\",\"item\":\"https:\/\/cortartec.dev-dominios.com\/fr\/\"},{\"@type\":\"ListItem\",\"position\":2,\"name\":\"Produtos\",\"item\":\"https:\/\/cortartec.dev-dominios.com\/produtos\/\"},{\"@type\":\"ListItem\",\"position\":3,\"name\":\"Rodap\u00e9s\"}]},{\"@type\":\"WebSite\",\"@id\":\"https:\/\/cortartec.dev-dominios.com\/#website\",\"url\":\"https:\/\/cortartec.dev-dominios.com\/\",\"name\":\"Cortartec | Equipamentos para a constru\u00e7\u00e3o civil\",\"description\":\"Engenharia Industrial\",\"potentialAction\":[{\"@type\":\"SearchAction\",\"target\":{\"@type\":\"EntryPoint\",\"urlTemplate\":\"https:\/\/cortartec.dev-dominios.com\/?s={search_term_string}\"},\"query-input\":{\"@type\":\"PropertyValueSpecification\",\"valueRequired\":true,\"valueName\":\"search_term_string\"}}],\"inLanguage\":\"fr-FR\"}]}<\/script>\n<!-- \/ Yoast SEO plugin. -->","yoast_head_json":{"title":"Rodap\u00e9s - Cortartec | Equipamentos para a constru\u00e7\u00e3o civil","robots":{"index":"noindex","follow":"follow","max-snippet":"max-snippet:-1","max-image-preview":"max-image-preview:large","max-video-preview":"max-video-preview:-1"},"og_locale":"fr_FR","og_type":"article","og_title":"Rodap\u00e9s - Cortartec | Equipamentos para a constru\u00e7\u00e3o civil","og_description":"Ficha T\u00e9cnica DWG","og_url":"https:\/\/cortartec.dev-dominios.com\/fr\/produto\/rodapes\/","og_site_name":"Cortartec | Equipamentos para a constru\u00e7\u00e3o civil","twitter_card":"summary_large_image","twitter_misc":{"Dur\u00e9e de lecture estim\u00e9e":"6 minutes"},"schema":{"@context":"https:\/\/schema.org","@graph":[{"@type":"WebPage","@id":"https:\/\/cortartec.dev-dominios.com\/fr\/produto\/rodapes\/","url":"https:\/\/cortartec.dev-dominios.com\/fr\/produto\/rodapes\/","name":"Rodap\u00e9s - Cortartec | Equipamentos para a constru\u00e7\u00e3o civil","isPartOf":{"@id":"https:\/\/cortartec.dev-dominios.com\/#website"},"primaryImageOfPage":{"@id":"https:\/\/cortartec.dev-dominios.com\/fr\/produto\/rodapes\/#primaryimage"},"image":{"@id":"https:\/\/cortartec.dev-dominios.com\/fr\/produto\/rodapes\/#primaryimage"},"thumbnailUrl":"https:\/\/cortartec.dev-dominios.com\/wp-content\/uploads\/2026\/02\/aluminyum-supurgelik-profili-lato-03-on255oyfdvqmo16jxs7jax5umk4enrgwy7non5hm8a.jpg","datePublished":"2026-02-11T16:34:20+00:00","breadcrumb":{"@id":"https:\/\/cortartec.dev-dominios.com\/fr\/produto\/rodapes\/#breadcrumb"},"inLanguage":"fr-FR","potentialAction":[{"@type":"ReadAction","target":["https:\/\/cortartec.dev-dominios.com\/fr\/produto\/rodapes\/"]}]},{"@type":"ImageObject","inLanguage":"fr-FR","@id":"https:\/\/cortartec.dev-dominios.com\/fr\/produto\/rodapes\/#primaryimage","url":"https:\/\/cortartec.dev-dominios.com\/wp-content\/uploads\/2026\/02\/aluminyum-supurgelik-profili-lato-03-on255oyfdvqmo16jxs7jax5umk4enrgwy7non5hm8a.jpg","contentUrl":"https:\/\/cortartec.dev-dominios.com\/wp-content\/uploads\/2026\/02\/aluminyum-supurgelik-profili-lato-03-on255oyfdvqmo16jxs7jax5umk4enrgwy7non5hm8a.jpg","width":300,"height":225},{"@type":"BreadcrumbList","@id":"https:\/\/cortartec.dev-dominios.com\/fr\/produto\/rodapes\/#breadcrumb","itemListElement":[{"@type":"ListItem","position":1,"name":"In\u00edcio","item":"https:\/\/cortartec.dev-dominios.com\/fr\/"},{"@type":"ListItem","position":2,"name":"Produtos","item":"https:\/\/cortartec.dev-dominios.com\/produtos\/"},{"@type":"ListItem","position":3,"name":"Rodap\u00e9s"}]},{"@type":"WebSite","@id":"https:\/\/cortartec.dev-dominios.com\/#website","url":"https:\/\/cortartec.dev-dominios.com\/","name":"Cortartec | Equipamentos para a constru\u00e7\u00e3o civil","description":"Engenharia Industrial","potentialAction":[{"@type":"SearchAction","target":{"@type":"EntryPoint","urlTemplate":"https:\/\/cortartec.dev-dominios.com\/?s={search_term_string}"},"query-input":{"@type":"PropertyValueSpecification","valueRequired":true,"valueName":"search_term_string"}}],"inLanguage":"fr-FR"}]}},"_links":{"self":[{"href":"https:\/\/cortartec.dev-dominios.com\/fr\/wp-json\/wp\/v2\/product\/36574","targetHints":{"allow":["GET"]}}],"collection":[{"href":"https:\/\/cortartec.dev-dominios.com\/fr\/wp-json\/wp\/v2\/product"}],"about":[{"href":"https:\/\/cortartec.dev-dominios.com\/fr\/wp-json\/wp\/v2\/types\/product"}],"replies":[{"embeddable":true,"href":"https:\/\/cortartec.dev-dominios.com\/fr\/wp-json\/wp\/v2\/comments?post=36574"}],"wp:featuredmedia":[{"embeddable":true,"href":"https:\/\/cortartec.dev-dominios.com\/fr\/wp-json\/wp\/v2\/media\/36575"}],"wp:attachment":[{"href":"https:\/\/cortartec.dev-dominios.com\/fr\/wp-json\/wp\/v2\/media?parent=36574"}],"wp:term":[{"taxonomy":"product_brand","embeddable":true,"href":"https:\/\/cortartec.dev-dominios.com\/fr\/wp-json\/wp\/v2\/product_brand?post=36574"},{"taxonomy":"product_cat","embeddable":true,"href":"https:\/\/cortartec.dev-dominios.com\/fr\/wp-json\/wp\/v2\/product_cat?post=36574"},{"taxonomy":"product_tag","embeddable":true,"href":"https:\/\/cortartec.dev-dominios.com\/fr\/wp-json\/wp\/v2\/product_tag?post=36574"}],"curies":[{"name":"wp","href":"https:\/\/api.w.org\/{rel}","templated":true}]}}