{"id":36594,"date":"2026-02-11T15:07:22","date_gmt":"2026-02-11T15:07:22","guid":{"rendered":"https:\/\/cortartec.dev-dominios.com\/produto\/placas-de-vinil\/"},"modified":"2026-02-11T15:07:22","modified_gmt":"2026-02-11T15:07:22","slug":"placas-de-vinil","status":"publish","type":"product","link":"https:\/\/cortartec.dev-dominios.com\/es\/produto\/placas-de-vinil\/","title":{"rendered":"Placas de vinil"},"content":{"rendered":"<div class=\"wpb-content-wrapper\"><p>[vc_row][vc_column][vc_column_text]As placas de vinil s\u00e3o produzidas em 150mm, 200mm e 300mm de espessura e 3m de comprimento por motivos decorativos a sua aplica\u00e7\u00e3o em parede \u00e9 com uma cola especial. S\u00e3o produzidas em 32 cores e podem ser aplicadas com outros materiais de constru\u00e7\u00e3o, com 1M de largura, 3M comprimento e 2mm espessura . Estas placas de vinil s\u00e3o usadas em edif\u00edcios como hospitais e centros comerciais assim como, em corredores providenciando uma perfeita prote\u00e7\u00e3o. Gra\u00e7as \u00e0s suas caracter\u00edsticas antibacterianas e anti-fogo s\u00e3o apropriadas para uma aplica\u00e7\u00e3o segura. Em cada uni\u00e3o deve ser deixada uma junta de 3 mm para expans\u00e3o que ser\u00e1 preenchida com silicone ou um fio de solda ap\u00f3s 48h da sua aplica\u00e7\u00e3o. Complementarmente podem ser usadas em conjunto com\u00a0<strong>CWG150<\/strong>\u00a0e\u00a0<strong>CWG100<\/strong>.[\/vc_column_text][vc_single_image image=\u00bb35068&#8243; img_size=\u00bbfull\u00bb css=\u00bb\u00bb parallax_scroll=\u00bbno\u00bb woodmart_inline=\u00bbno\u00bb]\t\t<div id=\"wd-698c9d0877ef3\" class=\"wd-text-block wd-wpb reset-last-child wd-rs-698c9d0877ef3 text-left \">\n\t\t\t<p><strong>CWG 1004 \u2013 154 \u2013 204 \u2013 304<\/strong><\/p>\n<p>O sistema\u00a0<strong>CWG 1004<\/strong>\u00a0tem 1000 mm de largura. Protege e preserva a constru\u00e7\u00e3o de paredes interiores contra desgastes. Essas placas econ\u00f3micas s\u00e3o instaladas de maneira r\u00e1pida e simples. Eles s\u00e3o produzidos em 32 cores diferentes e t\u00eam 3 metros de comprimento<\/p>\n<p>As placas\u00a0<strong>CWG 154 \u2013 204 \u2013 304<\/strong>\u00a0t\u00eam largura de 150, 200 e 300 mm. protege e preserva os interiores das constru\u00e7\u00f5es contra danos e desgaste por impacto. Essas placas econ\u00f3micas s\u00e3o instaladas de maneira r\u00e1pida e simples.<\/p>\n\t\t<\/div>\n\t\t[vc_single_image image=\u00bb35070&#8243; img_size=\u00bbfull\u00bb css=\u00bb\u00bb parallax_scroll=\u00bbno\u00bb woodmart_inline=\u00bbno\u00bb]\t\t<div id=\"wd-698c9d39b4f56\" class=\"wd-text-block wd-wpb reset-last-child wd-rs-698c9d39b4f56 text-left \">\n\t\t\t<h3><strong>Placas de vinil anti impactos de porta da s\u00e9rie DG<\/strong><\/h3>\n<p>As placas decorativas da s\u00e9rie\u00a0<strong>CDG<\/strong>\u00a0s\u00e3o projetadas para proteger as portas. O design de compatibilidade do local \u00e9 mantido pela parede de vinil e as prote\u00e7\u00f5es de canto da mesma cor. Fornece prote\u00e7\u00e3o total pela estrutura higi\u00e9nica e antibacteriana. Embora existam dimens\u00f5es padr\u00e3o, as novas dimens\u00f5es tamb\u00e9m podem ser desenvolvidas com base nas especifica\u00e7\u00f5es do projeto. Usado especialmente em hospitais, escolas, escrit\u00f3rios e locais comerciais. Produzido em comprimentos de 4 metros e 32 cores diferentes.<\/p>\n\t\t<\/div>\n\t\t[\/vc_column][\/vc_row]<\/p>\n<\/div>","protected":false},"excerpt":{"rendered":"<p><span style=\"color: #e46106;\"><strong><a style=\"color: #e46106;\" href=\"https:\/\/48bfe850-8fa9-41aa-a01f-515ad5db562b.filesusr.com\/ugd\/b0e443_ee9f3b6df7054f84a293b5c51fe3b151.pdf\" target=\"_blank\" rel=\"noopener\">Ficha T\u00e9cnica<\/a><\/strong><\/span><br \/>\n<span style=\"color: #e46106;\"><strong><a style=\"color: #e46106;\" href=\"#\">DWG<\/a><\/strong><\/span><\/p>\n","protected":false},"featured_media":36595,"comment_status":"open","ping_status":"closed","template":"","meta":[],"product_brand":[],"product_cat":[332],"product_tag":[],"class_list":{"0":"post-36594","1":"product","2":"type-product","3":"status-publish","4":"has-post-thumbnail","6":"product_cat-acabados","8":"first","9":"instock","10":"shipping-taxable","11":"product-type-simple"},"yoast_head":"<!-- This site is optimized with the Yoast SEO plugin v26.8 - https:\/\/yoast.com\/product\/yoast-seo-wordpress\/ -->\n<title>Placas de vinil - Cortartec | Equipamentos para a constru\u00e7\u00e3o civil<\/title>\n<meta name=\"robots\" content=\"noindex, follow, max-snippet:-1, max-image-preview:large, max-video-preview:-1\" \/>\n<meta property=\"og:locale\" content=\"es_ES\" \/>\n<meta property=\"og:type\" content=\"article\" \/>\n<meta property=\"og:title\" content=\"Placas de vinil - Cortartec | Equipamentos para a constru\u00e7\u00e3o civil\" \/>\n<meta property=\"og:description\" content=\"Ficha T\u00e9cnica DWG\" \/>\n<meta property=\"og:url\" content=\"https:\/\/cortartec.dev-dominios.com\/es\/produto\/placas-de-vinil\/\" \/>\n<meta property=\"og:site_name\" content=\"Cortartec | Equipamentos para a constru\u00e7\u00e3o civil\" \/>\n<meta name=\"twitter:card\" content=\"summary_large_image\" \/>\n<meta name=\"twitter:label1\" content=\"Tiempo de lectura\" \/>\n\t<meta name=\"twitter:data1\" content=\"2 minutos\" \/>\n<script type=\"application\/ld+json\" class=\"yoast-schema-graph\">{\"@context\":\"https:\/\/schema.org\",\"@graph\":[{\"@type\":\"WebPage\",\"@id\":\"https:\/\/cortartec.dev-dominios.com\/es\/produto\/placas-de-vinil\/\",\"url\":\"https:\/\/cortartec.dev-dominios.com\/es\/produto\/placas-de-vinil\/\",\"name\":\"Placas de vinil - Cortartec | Equipamentos para a constru\u00e7\u00e3o civil\",\"isPartOf\":{\"@id\":\"https:\/\/cortartec.dev-dominios.com\/#website\"},\"primaryImageOfPage\":{\"@id\":\"https:\/\/cortartec.dev-dominios.com\/es\/produto\/placas-de-vinil\/#primaryimage\"},\"image\":{\"@id\":\"https:\/\/cortartec.dev-dominios.com\/es\/produto\/placas-de-vinil\/#primaryimage\"},\"thumbnailUrl\":\"https:\/\/cortartec.dev-dominios.com\/wp-content\/uploads\/2026\/02\/lambril1-ofw75pl8e1qp5sqxoi7sxciw6qgvqblbiq1kgxh39m.jpg\",\"datePublished\":\"2026-02-11T15:07:22+00:00\",\"breadcrumb\":{\"@id\":\"https:\/\/cortartec.dev-dominios.com\/es\/produto\/placas-de-vinil\/#breadcrumb\"},\"inLanguage\":\"es\",\"potentialAction\":[{\"@type\":\"ReadAction\",\"target\":[\"https:\/\/cortartec.dev-dominios.com\/es\/produto\/placas-de-vinil\/\"]}]},{\"@type\":\"ImageObject\",\"inLanguage\":\"es\",\"@id\":\"https:\/\/cortartec.dev-dominios.com\/es\/produto\/placas-de-vinil\/#primaryimage\",\"url\":\"https:\/\/cortartec.dev-dominios.com\/wp-content\/uploads\/2026\/02\/lambril1-ofw75pl8e1qp5sqxoi7sxciw6qgvqblbiq1kgxh39m.jpg\",\"contentUrl\":\"https:\/\/cortartec.dev-dominios.com\/wp-content\/uploads\/2026\/02\/lambril1-ofw75pl8e1qp5sqxoi7sxciw6qgvqblbiq1kgxh39m.jpg\",\"width\":300,\"height\":225},{\"@type\":\"BreadcrumbList\",\"@id\":\"https:\/\/cortartec.dev-dominios.com\/es\/produto\/placas-de-vinil\/#breadcrumb\",\"itemListElement\":[{\"@type\":\"ListItem\",\"position\":1,\"name\":\"In\u00edcio\",\"item\":\"https:\/\/cortartec.dev-dominios.com\/es\/\"},{\"@type\":\"ListItem\",\"position\":2,\"name\":\"Produtos\",\"item\":\"https:\/\/cortartec.dev-dominios.com\/produtos\/\"},{\"@type\":\"ListItem\",\"position\":3,\"name\":\"Placas de vinil\"}]},{\"@type\":\"WebSite\",\"@id\":\"https:\/\/cortartec.dev-dominios.com\/#website\",\"url\":\"https:\/\/cortartec.dev-dominios.com\/\",\"name\":\"Cortartec | Equipamentos para a constru\u00e7\u00e3o civil\",\"description\":\"Engenharia Industrial\",\"potentialAction\":[{\"@type\":\"SearchAction\",\"target\":{\"@type\":\"EntryPoint\",\"urlTemplate\":\"https:\/\/cortartec.dev-dominios.com\/?s={search_term_string}\"},\"query-input\":{\"@type\":\"PropertyValueSpecification\",\"valueRequired\":true,\"valueName\":\"search_term_string\"}}],\"inLanguage\":\"es\"}]}<\/script>\n<!-- \/ Yoast SEO plugin. -->","yoast_head_json":{"title":"Placas de vinil - Cortartec | Equipamentos para a constru\u00e7\u00e3o civil","robots":{"index":"noindex","follow":"follow","max-snippet":"max-snippet:-1","max-image-preview":"max-image-preview:large","max-video-preview":"max-video-preview:-1"},"og_locale":"es_ES","og_type":"article","og_title":"Placas de vinil - Cortartec | Equipamentos para a constru\u00e7\u00e3o civil","og_description":"Ficha T\u00e9cnica DWG","og_url":"https:\/\/cortartec.dev-dominios.com\/es\/produto\/placas-de-vinil\/","og_site_name":"Cortartec | Equipamentos para a constru\u00e7\u00e3o civil","twitter_card":"summary_large_image","twitter_misc":{"Tiempo de lectura":"2 minutos"},"schema":{"@context":"https:\/\/schema.org","@graph":[{"@type":"WebPage","@id":"https:\/\/cortartec.dev-dominios.com\/es\/produto\/placas-de-vinil\/","url":"https:\/\/cortartec.dev-dominios.com\/es\/produto\/placas-de-vinil\/","name":"Placas de vinil - Cortartec | Equipamentos para a constru\u00e7\u00e3o civil","isPartOf":{"@id":"https:\/\/cortartec.dev-dominios.com\/#website"},"primaryImageOfPage":{"@id":"https:\/\/cortartec.dev-dominios.com\/es\/produto\/placas-de-vinil\/#primaryimage"},"image":{"@id":"https:\/\/cortartec.dev-dominios.com\/es\/produto\/placas-de-vinil\/#primaryimage"},"thumbnailUrl":"https:\/\/cortartec.dev-dominios.com\/wp-content\/uploads\/2026\/02\/lambril1-ofw75pl8e1qp5sqxoi7sxciw6qgvqblbiq1kgxh39m.jpg","datePublished":"2026-02-11T15:07:22+00:00","breadcrumb":{"@id":"https:\/\/cortartec.dev-dominios.com\/es\/produto\/placas-de-vinil\/#breadcrumb"},"inLanguage":"es","potentialAction":[{"@type":"ReadAction","target":["https:\/\/cortartec.dev-dominios.com\/es\/produto\/placas-de-vinil\/"]}]},{"@type":"ImageObject","inLanguage":"es","@id":"https:\/\/cortartec.dev-dominios.com\/es\/produto\/placas-de-vinil\/#primaryimage","url":"https:\/\/cortartec.dev-dominios.com\/wp-content\/uploads\/2026\/02\/lambril1-ofw75pl8e1qp5sqxoi7sxciw6qgvqblbiq1kgxh39m.jpg","contentUrl":"https:\/\/cortartec.dev-dominios.com\/wp-content\/uploads\/2026\/02\/lambril1-ofw75pl8e1qp5sqxoi7sxciw6qgvqblbiq1kgxh39m.jpg","width":300,"height":225},{"@type":"BreadcrumbList","@id":"https:\/\/cortartec.dev-dominios.com\/es\/produto\/placas-de-vinil\/#breadcrumb","itemListElement":[{"@type":"ListItem","position":1,"name":"In\u00edcio","item":"https:\/\/cortartec.dev-dominios.com\/es\/"},{"@type":"ListItem","position":2,"name":"Produtos","item":"https:\/\/cortartec.dev-dominios.com\/produtos\/"},{"@type":"ListItem","position":3,"name":"Placas de vinil"}]},{"@type":"WebSite","@id":"https:\/\/cortartec.dev-dominios.com\/#website","url":"https:\/\/cortartec.dev-dominios.com\/","name":"Cortartec | Equipamentos para a constru\u00e7\u00e3o civil","description":"Engenharia Industrial","potentialAction":[{"@type":"SearchAction","target":{"@type":"EntryPoint","urlTemplate":"https:\/\/cortartec.dev-dominios.com\/?s={search_term_string}"},"query-input":{"@type":"PropertyValueSpecification","valueRequired":true,"valueName":"search_term_string"}}],"inLanguage":"es"}]}},"_links":{"self":[{"href":"https:\/\/cortartec.dev-dominios.com\/es\/wp-json\/wp\/v2\/product\/36594","targetHints":{"allow":["GET"]}}],"collection":[{"href":"https:\/\/cortartec.dev-dominios.com\/es\/wp-json\/wp\/v2\/product"}],"about":[{"href":"https:\/\/cortartec.dev-dominios.com\/es\/wp-json\/wp\/v2\/types\/product"}],"replies":[{"embeddable":true,"href":"https:\/\/cortartec.dev-dominios.com\/es\/wp-json\/wp\/v2\/comments?post=36594"}],"wp:featuredmedia":[{"embeddable":true,"href":"https:\/\/cortartec.dev-dominios.com\/es\/wp-json\/wp\/v2\/media\/36595"}],"wp:attachment":[{"href":"https:\/\/cortartec.dev-dominios.com\/es\/wp-json\/wp\/v2\/media?parent=36594"}],"wp:term":[{"taxonomy":"product_brand","embeddable":true,"href":"https:\/\/cortartec.dev-dominios.com\/es\/wp-json\/wp\/v2\/product_brand?post=36594"},{"taxonomy":"product_cat","embeddable":true,"href":"https:\/\/cortartec.dev-dominios.com\/es\/wp-json\/wp\/v2\/product_cat?post=36594"},{"taxonomy":"product_tag","embeddable":true,"href":"https:\/\/cortartec.dev-dominios.com\/es\/wp-json\/wp\/v2\/product_tag?post=36594"}],"curies":[{"name":"wp","href":"https:\/\/api.w.org\/{rel}","templated":true}]}}