{"id":36540,"date":"2026-02-13T11:32:16","date_gmt":"2026-02-13T11:32:16","guid":{"rendered":"https:\/\/cortartec.dev-dominios.com\/produto\/rodapes-higienicos-em-aco-inox\/"},"modified":"2026-02-13T11:32:16","modified_gmt":"2026-02-13T11:32:16","slug":"rodapes-higienicos-em-aco-inox","status":"publish","type":"product","link":"https:\/\/cortartec.dev-dominios.com\/es\/produto\/rodapes-higienicos-em-aco-inox\/","title":{"rendered":"Rodap\u00e9s higi\u00e9nicos em a\u00e7o in\u00f3x"},"content":{"rendered":"<div class=\"wpb-content-wrapper\"><p>[vc_row][vc_column][vc_column_text]Os rodap\u00e9s com a superf\u00edcie inoxid\u00e1vel AlSI 304 ou AlSI 316 protegem pain\u00e9is, paredes e colunas. S\u00e3o utilizados em qualquer \u00e1rea que exija f\u00e1cil limpeza e higiene. Gra\u00e7as \u00e0 sua superf\u00edcie n\u00e3o porosa e \u00e0 sua forma radial, \u00e9 resistente aos \u00e1cidos e aos produtos qu\u00edmicos. Tamb\u00e9m \u00e9 f\u00e1cil de limpar e reduz o crescimento bacteriano.<\/p>\n<p>Devido \u00e0 sua f\u00e1cil manuten\u00e7\u00e3o, \u00e9 uma solu\u00e7\u00e3o eficiente e duradoura. \u00c9 produzido com refor\u00e7o, se necess\u00e1rio.[\/vc_column_text][vc_single_image image=\u00bb35224&#8243; img_size=\u00bbfull\u00bb alignment=\u00bbcenter\u00bb css=\u00bb\u00bb parallax_scroll=\u00bbno\u00bb woodmart_inline=\u00bbno\u00bb]\t\t<div id=\"wd-698f28b9bccd9\" class=\"wd-text-block wd-wpb reset-last-child wd-rs-698f28b9bccd9 text-left \">\n\t\t\t<p style=\"text-align: center;\">Alturas dispon\u00edveis: 250 \/ 265 \/300 \/ 315 \/500\/515<\/p>\n\t\t<\/div>\n\t\t[\/vc_column][\/vc_row]<\/p>\n<\/div>","protected":false},"excerpt":{"rendered":"<p><span style=\"color: #e46106;\"><strong><a style=\"color: #e46106;\" href=\"https:\/\/cortartec.net\/wp-content\/uploads\/2022\/08\/cortartec-rodpes-higienicos-industriais-vibroser-catalogo-pt.pdf\" target=\"_blank\" rel=\"noopener\">Ficha T\u00e9cnica<\/a><\/strong><\/span><br \/>\n<span style=\"color: #e46106;\"><strong><a style=\"color: #e46106;\" href=\"#\">DWG<\/a><\/strong><\/span><\/p>\n","protected":false},"featured_media":36541,"comment_status":"open","ping_status":"closed","template":"","meta":[],"product_brand":[],"product_cat":[329],"product_tag":[],"class_list":{"0":"post-36540","1":"product","2":"type-product","3":"status-publish","4":"has-post-thumbnail","6":"product_cat-perfiles-resistentes-a-los-golpes-para-zonas-industriales","8":"first","9":"instock","10":"shipping-taxable","11":"product-type-simple"},"yoast_head":"<!-- This site is optimized with the Yoast SEO plugin v26.8 - https:\/\/yoast.com\/product\/yoast-seo-wordpress\/ -->\n<title>Rodap\u00e9s higi\u00e9nicos em a\u00e7o in\u00f3x - Cortartec | Equipamentos para a constru\u00e7\u00e3o civil<\/title>\n<meta name=\"robots\" content=\"noindex, follow, max-snippet:-1, max-image-preview:large, max-video-preview:-1\" \/>\n<meta property=\"og:locale\" content=\"es_ES\" \/>\n<meta property=\"og:type\" content=\"article\" \/>\n<meta property=\"og:title\" content=\"Rodap\u00e9s higi\u00e9nicos em a\u00e7o in\u00f3x - Cortartec | Equipamentos para a constru\u00e7\u00e3o civil\" \/>\n<meta property=\"og:description\" content=\"Ficha T\u00e9cnica DWG\" \/>\n<meta property=\"og:url\" content=\"https:\/\/cortartec.dev-dominios.com\/es\/produto\/rodapes-higienicos-em-aco-inox\/\" \/>\n<meta property=\"og:site_name\" content=\"Cortartec | Equipamentos para a constru\u00e7\u00e3o civil\" \/>\n<meta name=\"twitter:card\" content=\"summary_large_image\" \/>\n<meta name=\"twitter:label1\" content=\"Tiempo de lectura\" \/>\n\t<meta name=\"twitter:data1\" content=\"1 minuto\" \/>\n<script type=\"application\/ld+json\" class=\"yoast-schema-graph\">{\"@context\":\"https:\/\/schema.org\",\"@graph\":[{\"@type\":\"WebPage\",\"@id\":\"https:\/\/cortartec.dev-dominios.com\/es\/produto\/rodapes-higienicos-em-aco-inox\/\",\"url\":\"https:\/\/cortartec.dev-dominios.com\/es\/produto\/rodapes-higienicos-em-aco-inox\/\",\"name\":\"Rodap\u00e9s higi\u00e9nicos em a\u00e7o in\u00f3x - Cortartec | Equipamentos para a constru\u00e7\u00e3o civil\",\"isPartOf\":{\"@id\":\"https:\/\/cortartec.dev-dominios.com\/#website\"},\"primaryImageOfPage\":{\"@id\":\"https:\/\/cortartec.dev-dominios.com\/es\/produto\/rodapes-higienicos-em-aco-inox\/#primaryimage\"},\"image\":{\"@id\":\"https:\/\/cortartec.dev-dominios.com\/es\/produto\/rodapes-higienicos-em-aco-inox\/#primaryimage\"},\"thumbnailUrl\":\"https:\/\/cortartec.dev-dominios.com\/wp-content\/uploads\/2026\/02\/imagem5-scaled-q0eygozbiq9df8vgg2m1b86ecbjm9wblhg92nvmkei.jpg\",\"datePublished\":\"2026-02-13T11:32:16+00:00\",\"breadcrumb\":{\"@id\":\"https:\/\/cortartec.dev-dominios.com\/es\/produto\/rodapes-higienicos-em-aco-inox\/#breadcrumb\"},\"inLanguage\":\"es\",\"potentialAction\":[{\"@type\":\"ReadAction\",\"target\":[\"https:\/\/cortartec.dev-dominios.com\/es\/produto\/rodapes-higienicos-em-aco-inox\/\"]}]},{\"@type\":\"ImageObject\",\"inLanguage\":\"es\",\"@id\":\"https:\/\/cortartec.dev-dominios.com\/es\/produto\/rodapes-higienicos-em-aco-inox\/#primaryimage\",\"url\":\"https:\/\/cortartec.dev-dominios.com\/wp-content\/uploads\/2026\/02\/imagem5-scaled-q0eygozbiq9df8vgg2m1b86ecbjm9wblhg92nvmkei.jpg\",\"contentUrl\":\"https:\/\/cortartec.dev-dominios.com\/wp-content\/uploads\/2026\/02\/imagem5-scaled-q0eygozbiq9df8vgg2m1b86ecbjm9wblhg92nvmkei.jpg\",\"width\":300,\"height\":225},{\"@type\":\"BreadcrumbList\",\"@id\":\"https:\/\/cortartec.dev-dominios.com\/es\/produto\/rodapes-higienicos-em-aco-inox\/#breadcrumb\",\"itemListElement\":[{\"@type\":\"ListItem\",\"position\":1,\"name\":\"In\u00edcio\",\"item\":\"https:\/\/cortartec.dev-dominios.com\/es\/\"},{\"@type\":\"ListItem\",\"position\":2,\"name\":\"Produtos\",\"item\":\"https:\/\/cortartec.dev-dominios.com\/produtos\/\"},{\"@type\":\"ListItem\",\"position\":3,\"name\":\"Rodap\u00e9s higi\u00e9nicos em a\u00e7o in\u00f3x\"}]},{\"@type\":\"WebSite\",\"@id\":\"https:\/\/cortartec.dev-dominios.com\/#website\",\"url\":\"https:\/\/cortartec.dev-dominios.com\/\",\"name\":\"Cortartec | Equipamentos para a constru\u00e7\u00e3o civil\",\"description\":\"Engenharia Industrial\",\"potentialAction\":[{\"@type\":\"SearchAction\",\"target\":{\"@type\":\"EntryPoint\",\"urlTemplate\":\"https:\/\/cortartec.dev-dominios.com\/?s={search_term_string}\"},\"query-input\":{\"@type\":\"PropertyValueSpecification\",\"valueRequired\":true,\"valueName\":\"search_term_string\"}}],\"inLanguage\":\"es\"}]}<\/script>\n<!-- \/ Yoast SEO plugin. -->","yoast_head_json":{"title":"Rodap\u00e9s higi\u00e9nicos em a\u00e7o in\u00f3x - Cortartec | Equipamentos para a constru\u00e7\u00e3o civil","robots":{"index":"noindex","follow":"follow","max-snippet":"max-snippet:-1","max-image-preview":"max-image-preview:large","max-video-preview":"max-video-preview:-1"},"og_locale":"es_ES","og_type":"article","og_title":"Rodap\u00e9s higi\u00e9nicos em a\u00e7o in\u00f3x - Cortartec | Equipamentos para a constru\u00e7\u00e3o civil","og_description":"Ficha T\u00e9cnica DWG","og_url":"https:\/\/cortartec.dev-dominios.com\/es\/produto\/rodapes-higienicos-em-aco-inox\/","og_site_name":"Cortartec | Equipamentos para a constru\u00e7\u00e3o civil","twitter_card":"summary_large_image","twitter_misc":{"Tiempo de lectura":"1 minuto"},"schema":{"@context":"https:\/\/schema.org","@graph":[{"@type":"WebPage","@id":"https:\/\/cortartec.dev-dominios.com\/es\/produto\/rodapes-higienicos-em-aco-inox\/","url":"https:\/\/cortartec.dev-dominios.com\/es\/produto\/rodapes-higienicos-em-aco-inox\/","name":"Rodap\u00e9s higi\u00e9nicos em a\u00e7o in\u00f3x - Cortartec | Equipamentos para a constru\u00e7\u00e3o civil","isPartOf":{"@id":"https:\/\/cortartec.dev-dominios.com\/#website"},"primaryImageOfPage":{"@id":"https:\/\/cortartec.dev-dominios.com\/es\/produto\/rodapes-higienicos-em-aco-inox\/#primaryimage"},"image":{"@id":"https:\/\/cortartec.dev-dominios.com\/es\/produto\/rodapes-higienicos-em-aco-inox\/#primaryimage"},"thumbnailUrl":"https:\/\/cortartec.dev-dominios.com\/wp-content\/uploads\/2026\/02\/imagem5-scaled-q0eygozbiq9df8vgg2m1b86ecbjm9wblhg92nvmkei.jpg","datePublished":"2026-02-13T11:32:16+00:00","breadcrumb":{"@id":"https:\/\/cortartec.dev-dominios.com\/es\/produto\/rodapes-higienicos-em-aco-inox\/#breadcrumb"},"inLanguage":"es","potentialAction":[{"@type":"ReadAction","target":["https:\/\/cortartec.dev-dominios.com\/es\/produto\/rodapes-higienicos-em-aco-inox\/"]}]},{"@type":"ImageObject","inLanguage":"es","@id":"https:\/\/cortartec.dev-dominios.com\/es\/produto\/rodapes-higienicos-em-aco-inox\/#primaryimage","url":"https:\/\/cortartec.dev-dominios.com\/wp-content\/uploads\/2026\/02\/imagem5-scaled-q0eygozbiq9df8vgg2m1b86ecbjm9wblhg92nvmkei.jpg","contentUrl":"https:\/\/cortartec.dev-dominios.com\/wp-content\/uploads\/2026\/02\/imagem5-scaled-q0eygozbiq9df8vgg2m1b86ecbjm9wblhg92nvmkei.jpg","width":300,"height":225},{"@type":"BreadcrumbList","@id":"https:\/\/cortartec.dev-dominios.com\/es\/produto\/rodapes-higienicos-em-aco-inox\/#breadcrumb","itemListElement":[{"@type":"ListItem","position":1,"name":"In\u00edcio","item":"https:\/\/cortartec.dev-dominios.com\/es\/"},{"@type":"ListItem","position":2,"name":"Produtos","item":"https:\/\/cortartec.dev-dominios.com\/produtos\/"},{"@type":"ListItem","position":3,"name":"Rodap\u00e9s higi\u00e9nicos em a\u00e7o in\u00f3x"}]},{"@type":"WebSite","@id":"https:\/\/cortartec.dev-dominios.com\/#website","url":"https:\/\/cortartec.dev-dominios.com\/","name":"Cortartec | Equipamentos para a constru\u00e7\u00e3o civil","description":"Engenharia Industrial","potentialAction":[{"@type":"SearchAction","target":{"@type":"EntryPoint","urlTemplate":"https:\/\/cortartec.dev-dominios.com\/?s={search_term_string}"},"query-input":{"@type":"PropertyValueSpecification","valueRequired":true,"valueName":"search_term_string"}}],"inLanguage":"es"}]}},"_links":{"self":[{"href":"https:\/\/cortartec.dev-dominios.com\/es\/wp-json\/wp\/v2\/product\/36540","targetHints":{"allow":["GET"]}}],"collection":[{"href":"https:\/\/cortartec.dev-dominios.com\/es\/wp-json\/wp\/v2\/product"}],"about":[{"href":"https:\/\/cortartec.dev-dominios.com\/es\/wp-json\/wp\/v2\/types\/product"}],"replies":[{"embeddable":true,"href":"https:\/\/cortartec.dev-dominios.com\/es\/wp-json\/wp\/v2\/comments?post=36540"}],"wp:featuredmedia":[{"embeddable":true,"href":"https:\/\/cortartec.dev-dominios.com\/es\/wp-json\/wp\/v2\/media\/36541"}],"wp:attachment":[{"href":"https:\/\/cortartec.dev-dominios.com\/es\/wp-json\/wp\/v2\/media?parent=36540"}],"wp:term":[{"taxonomy":"product_brand","embeddable":true,"href":"https:\/\/cortartec.dev-dominios.com\/es\/wp-json\/wp\/v2\/product_brand?post=36540"},{"taxonomy":"product_cat","embeddable":true,"href":"https:\/\/cortartec.dev-dominios.com\/es\/wp-json\/wp\/v2\/product_cat?post=36540"},{"taxonomy":"product_tag","embeddable":true,"href":"https:\/\/cortartec.dev-dominios.com\/es\/wp-json\/wp\/v2\/product_tag?post=36540"}],"curies":[{"name":"wp","href":"https:\/\/api.w.org\/{rel}","templated":true}]}}